{"id":22,"date":"2024-02-12T15:00:04","date_gmt":"2024-02-12T14:00:04","guid":{"rendered":"https:\/\/metanaute-conseil.com\/?page_id=22"},"modified":"2024-02-16T13:32:39","modified_gmt":"2024-02-16T12:32:39","slug":"a-propos","status":"publish","type":"page","link":"https:\/\/metanaute-conseil.com\/index.php\/metanaute-conseil\/a-propos\/","title":{"rendered":"A propos de Metanaute"},"content":{"rendered":"\n<div class=\"wp-block-cover alignfull is-light\"><span aria-hidden=\"true\" class=\"wp-block-cover__background has-nv-light-bg-background-color has-background-dim-100 has-background-dim\"><\/span><div class=\"wp-block-cover__inner-container is-layout-flow wp-block-cover-is-layout-flow\">\n<div style=\"height:80px\" aria-hidden=\"true\" class=\"wp-block-spacer\"><\/div>\n\n\n\n<div class=\"wp-block-columns are-vertically-aligned-center is-layout-flex wp-container-core-columns-is-layout-9d6595d7 wp-block-columns-is-layout-flex\">\n<div class=\"wp-block-column is-vertically-aligned-center is-layout-flow wp-block-column-is-layout-flow\" style=\"flex-basis:66.66%\">\n<h1 class=\"wp-block-heading has-text-align-center has-neve-text-color-color has-text-color\">A propos de Metanaute<\/h1>\n\n\n\n<p class=\"has-text-align-center has-neve-text-color-color has-text-color\">Metanaute est une soci\u00e9t\u00e9 fond\u00e9e en 2024. Il s&rsquo;agit d&rsquo;une soci\u00e9t\u00e9 de conseil en direction de projet et en transformation. Sa diff\u00e9rence ? Sa compr\u00e9hension des enjeux m\u00e9tier, et son implication pour mener vos projets \u00e0 bon port.<\/p>\n\n\n\n<div class=\"wp-block-buttons is-horizontal is-content-justification-center is-layout-flex wp-container-core-buttons-is-layout-499968f5 wp-block-buttons-is-layout-flex\">\n<div class=\"wp-block-button is-style-primary\"><a class=\"wp-block-button__link has-nv-site-bg-color has-text-color has-link-color wp-element-button\" href=\"https:\/\/metanaute-conseil.com\/index.php\/metanaute-conseil\/contact\/\">Nous contacter<\/a><\/div>\n<\/div>\n<\/div>\n\n\n\n<div class=\"wp-block-column is-vertically-aligned-center is-layout-flow wp-block-column-is-layout-flow\" style=\"flex-basis:33.33%\"><div class=\"wp-block-image\">\n<figure class=\"alignright size-large\"><img decoding=\"async\" src=\"https:\/\/api.themeisle.com\/templates-data\/2021\/07\/ebf0233ced7259cf0838b7ba6d3aee076nr4xgifn4by52wrnzgd\/images\/neve-patterns-5.jpg\" alt=\"\" class=\"wp-image-400\"\/><\/figure>\n<\/div><\/div>\n<\/div>\n<\/div><\/div>\n\n\n\n<div class=\"wp-block-cover alignfull is-light\"><span aria-hidden=\"true\" class=\"wp-block-cover__background has-nv-dark-bg-background-color has-background-dim-100 has-background-dim\"><\/span><div class=\"wp-block-cover__inner-container is-layout-flow wp-block-cover-is-layout-flow\">\n<div style=\"height:40px\" aria-hidden=\"true\" class=\"wp-block-spacer\"><\/div>\n\n\n\n<div class=\"wp-block-columns is-layout-flex wp-container-core-columns-is-layout-9d6595d7 wp-block-columns-is-layout-flex\">\n<div class=\"wp-block-column is-layout-flow wp-block-column-is-layout-flow\"><div class=\"wp-block-image\">\n<figure class=\"alignleft size-large is-resized\"><img fetchpriority=\"high\" decoding=\"async\" width=\"1024\" height=\"1024\" src=\"https:\/\/metanaute-conseil.com\/wp-content\/uploads\/2024\/02\/Metanaute-Caillebotis-1024x1024.jpg\" alt=\"\" class=\"wp-image-445\" style=\"width:455px;height:auto\" srcset=\"https:\/\/metanaute-conseil.com\/wp-content\/uploads\/2024\/02\/Metanaute-Caillebotis-1024x1024.jpg 1024w, https:\/\/metanaute-conseil.com\/wp-content\/uploads\/2024\/02\/Metanaute-Caillebotis-300x300.jpg 300w, https:\/\/metanaute-conseil.com\/wp-content\/uploads\/2024\/02\/Metanaute-Caillebotis-150x150.jpg 150w, https:\/\/metanaute-conseil.com\/wp-content\/uploads\/2024\/02\/Metanaute-Caillebotis-768x768.jpg 768w, https:\/\/metanaute-conseil.com\/wp-content\/uploads\/2024\/02\/Metanaute-Caillebotis-1536x1536.jpg 1536w, https:\/\/metanaute-conseil.com\/wp-content\/uploads\/2024\/02\/Metanaute-Caillebotis-2048x2048.jpg 2048w\" sizes=\"(max-width: 1024px) 100vw, 1024px\" \/><\/figure>\n<\/div><\/div>\n\n\n\n<div class=\"wp-block-column is-vertically-aligned-center is-layout-flow wp-block-column-is-layout-flow\">\n<h2 class=\"wp-block-heading has-text-align-center has-nv-text-dark-bg-color has-text-color\">Le fondateur : Nicolas Oyarbide<\/h2>\n\n\n\n<p class=\"has-text-align-center has-nv-text-dark-bg-color has-text-color\">Nicolas Oyarbide a plus de vingt ans d&rsquo;exp\u00e9rience, dont une majeure partie sur des projets de transformation de grande envergure. Op\u00e9rateur T\u00e9l\u00e9com, agence web, m\u00e9dia, immobilier&#8230; La richesse des missions et des secteurs sur lesquels il est intervenu lui a permis d&rsquo;identifier une m\u00e9thode pour mener \u00e0 bien les projets. Son \u00e9coute, son int\u00e9grit\u00e9 et son empathie font de lui un partenaire de confiance.<\/p>\n<\/div>\n<\/div>\n\n\n\n<div style=\"height:40px\" aria-hidden=\"true\" class=\"wp-block-spacer\"><\/div>\n<\/div><\/div>\n\n\n\n<div class=\"wp-block-cover alignfull\"><span aria-hidden=\"true\" class=\"wp-block-cover__background has-nv-light-bg-background-color has-background-dim-100 has-background-dim\"><\/span><div class=\"wp-block-cover__inner-container is-layout-flow wp-block-cover-is-layout-flow\">\n<div style=\"height:40px\" aria-hidden=\"true\" class=\"wp-block-spacer\"><\/div>\n\n\n\n<div class=\"wp-block-columns are-vertically-aligned-center is-layout-flex wp-container-core-columns-is-layout-9d6595d7 wp-block-columns-is-layout-flex\">\n<div class=\"wp-block-column is-vertically-aligned-center is-layout-flow wp-block-column-is-layout-flow\" style=\"flex-basis:66.66%\">\n<h1 class=\"wp-block-heading has-text-align-center has-neve-text-color-color has-text-color\">Pourquoi Metanaute ?<\/h1>\n\n\n\n<p class=\"has-text-align-center has-neve-text-color-color has-text-color\">Un projet est un long voyage. La destination est connue, mais il faut composer avec l&rsquo;impr\u00e9vu en chemin : saisir les opportunit\u00e9s qui se pr\u00e9sentent, anticiper et limiter les cons\u00e9quences des al\u00e9as. Le nom Metanaute se fait le reflet de ce chemin dont l&rsquo;entreprise ressort grandie. \u00ab\u00a0Meta\u00a0\u00bb est un pr\u00e9fixe grec qui signifie changement, transcendance, mutation. \u00ab\u00a0Naute\u00a0\u00bb \u00e9voque le navigateur, le capitaine qui vous m\u00e8ne \u00e0 bon port. Metanaute est donc votre guide pour atteindre votre objectif, \u00e0 vos c\u00f4t\u00e9s.<\/p>\n<\/div>\n\n\n\n<div class=\"wp-block-column is-vertically-aligned-center is-layout-flow wp-block-column-is-layout-flow\" style=\"flex-basis:33.33%\"><div class=\"wp-block-image\">\n<figure class=\"alignright size-large\"><img decoding=\"async\" width=\"1024\" height=\"768\" src=\"https:\/\/metanaute-conseil.com\/wp-content\/uploads\/2024\/02\/Metanaute-Vue-dune-du-Pyla-1024x768.jpg\" alt=\"\" class=\"wp-image-447\" srcset=\"https:\/\/metanaute-conseil.com\/wp-content\/uploads\/2024\/02\/Metanaute-Vue-dune-du-Pyla-1024x768.jpg 1024w, https:\/\/metanaute-conseil.com\/wp-content\/uploads\/2024\/02\/Metanaute-Vue-dune-du-Pyla-300x225.jpg 300w, https:\/\/metanaute-conseil.com\/wp-content\/uploads\/2024\/02\/Metanaute-Vue-dune-du-Pyla-768x576.jpg 768w, https:\/\/metanaute-conseil.com\/wp-content\/uploads\/2024\/02\/Metanaute-Vue-dune-du-Pyla-1536x1152.jpg 1536w, https:\/\/metanaute-conseil.com\/wp-content\/uploads\/2024\/02\/Metanaute-Vue-dune-du-Pyla-2048x1536.jpg 2048w\" sizes=\"(max-width: 1024px) 100vw, 1024px\" \/><\/figure>\n<\/div><\/div>\n<\/div>\n\n\n\n<div style=\"height:38px\" aria-hidden=\"true\" class=\"wp-block-spacer\"><\/div>\n<\/div><\/div>\n","protected":false},"excerpt":{"rendered":"","protected":false},"author":1,"featured_media":565,"parent":309,"menu_order":3,"comment_status":"closed","ping_status":"closed","template":"page-templates\/template-pagebuilder-full-width.php","meta":{"neve_meta_sidebar":"default","neve_meta_container":"contained","neve_meta_enable_content_width":"on","neve_meta_content_width":100,"neve_meta_title_alignment":"","neve_meta_author_avatar":"","neve_post_elements_order":"","neve_meta_disable_header":"","neve_meta_disable_footer":"","neve_meta_disable_title":"on","_themeisle_gutenberg_block_has_review":false,"footnotes":""},"class_list":["post-22","page","type-page","status-publish","has-post-thumbnail","hentry"],"yoast_head":"<!-- This site is optimized with the Yoast SEO plugin v27.4 - https:\/\/yoast.com\/product\/yoast-seo-wordpress\/ -->\n<title>A propos de Metanaute<\/title>\n<meta name=\"description\" content=\"Metanaute est la soci\u00e9t\u00e9 de conseil en direction de projet cr\u00e9\u00e9e par Nicolas Oyarbide, vingt ans d&#039;exp\u00e9rience dans le domaine.\" \/>\n<meta name=\"robots\" content=\"index, follow, max-snippet:-1, max-image-preview:large, max-video-preview:-1\" \/>\n<link rel=\"canonical\" href=\"https:\/\/metanaute-conseil.com\/index.php\/metanaute-conseil\/a-propos\/\" \/>\n<meta property=\"og:locale\" content=\"fr_FR\" \/>\n<meta property=\"og:type\" content=\"article\" \/>\n<meta property=\"og:title\" content=\"A propos de Metanaute\" \/>\n<meta property=\"og:description\" content=\"Metanaute est la soci\u00e9t\u00e9 de conseil en direction de projet cr\u00e9\u00e9e par Nicolas Oyarbide, vingt ans d&#039;exp\u00e9rience dans le domaine.\" \/>\n<meta property=\"og:url\" content=\"https:\/\/metanaute-conseil.com\/index.php\/metanaute-conseil\/a-propos\/\" \/>\n<meta property=\"og:site_name\" content=\"Metanaute\" \/>\n<meta property=\"article:modified_time\" content=\"2024-02-16T12:32:39+00:00\" \/>\n<meta property=\"og:image\" content=\"http:\/\/metanaute-conseil.com\/wp-content\/uploads\/2024\/02\/Metanaute-Logo.jpg\" \/>\n\t<meta property=\"og:image:width\" content=\"500\" \/>\n\t<meta property=\"og:image:height\" content=\"500\" \/>\n\t<meta property=\"og:image:type\" content=\"image\/jpeg\" \/>\n<meta name=\"twitter:card\" content=\"summary_large_image\" \/>\n<meta name=\"twitter:label1\" content=\"Dur\u00e9e de lecture estim\u00e9e\" \/>\n\t<meta name=\"twitter:data1\" content=\"2 minutes\" \/>\n<script type=\"application\/ld+json\" class=\"yoast-schema-graph\">{\"@context\":\"https:\\\/\\\/schema.org\",\"@graph\":[{\"@type\":\"WebPage\",\"@id\":\"https:\\\/\\\/metanaute-conseil.com\\\/index.php\\\/metanaute-conseil\\\/a-propos\\\/\",\"url\":\"https:\\\/\\\/metanaute-conseil.com\\\/index.php\\\/metanaute-conseil\\\/a-propos\\\/\",\"name\":\"A propos de Metanaute\",\"isPartOf\":{\"@id\":\"https:\\\/\\\/metanaute-conseil.com\\\/#website\"},\"primaryImageOfPage\":{\"@id\":\"https:\\\/\\\/metanaute-conseil.com\\\/index.php\\\/metanaute-conseil\\\/a-propos\\\/#primaryimage\"},\"image\":{\"@id\":\"https:\\\/\\\/metanaute-conseil.com\\\/index.php\\\/metanaute-conseil\\\/a-propos\\\/#primaryimage\"},\"thumbnailUrl\":\"https:\\\/\\\/metanaute-conseil.com\\\/wp-content\\\/uploads\\\/2024\\\/02\\\/Metanaute-Logo.jpg\",\"datePublished\":\"2024-02-12T14:00:04+00:00\",\"dateModified\":\"2024-02-16T12:32:39+00:00\",\"description\":\"Metanaute est la soci\u00e9t\u00e9 de conseil en direction de projet cr\u00e9\u00e9e par Nicolas Oyarbide, vingt ans d'exp\u00e9rience dans le domaine.\",\"breadcrumb\":{\"@id\":\"https:\\\/\\\/metanaute-conseil.com\\\/index.php\\\/metanaute-conseil\\\/a-propos\\\/#breadcrumb\"},\"inLanguage\":\"fr-FR\",\"potentialAction\":[{\"@type\":\"ReadAction\",\"target\":[\"https:\\\/\\\/metanaute-conseil.com\\\/index.php\\\/metanaute-conseil\\\/a-propos\\\/\"]}]},{\"@type\":\"ImageObject\",\"inLanguage\":\"fr-FR\",\"@id\":\"https:\\\/\\\/metanaute-conseil.com\\\/index.php\\\/metanaute-conseil\\\/a-propos\\\/#primaryimage\",\"url\":\"https:\\\/\\\/metanaute-conseil.com\\\/wp-content\\\/uploads\\\/2024\\\/02\\\/Metanaute-Logo.jpg\",\"contentUrl\":\"https:\\\/\\\/metanaute-conseil.com\\\/wp-content\\\/uploads\\\/2024\\\/02\\\/Metanaute-Logo.jpg\",\"width\":500,\"height\":500,\"caption\":\"Metanaute - Soci\u00e9t\u00e9 de conseil en direction de projet et transformation - Logo\"},{\"@type\":\"BreadcrumbList\",\"@id\":\"https:\\\/\\\/metanaute-conseil.com\\\/index.php\\\/metanaute-conseil\\\/a-propos\\\/#breadcrumb\",\"itemListElement\":[{\"@type\":\"ListItem\",\"position\":1,\"name\":\"Accueil\",\"item\":\"https:\\\/\\\/metanaute-conseil.com\\\/\"},{\"@type\":\"ListItem\",\"position\":2,\"name\":\"Metanaute &#8211; Projet et transformation\",\"item\":\"https:\\\/\\\/metanaute-conseil.com\\\/\"},{\"@type\":\"ListItem\",\"position\":3,\"name\":\"A propos de Metanaute\"}]},{\"@type\":\"WebSite\",\"@id\":\"https:\\\/\\\/metanaute-conseil.com\\\/#website\",\"url\":\"https:\\\/\\\/metanaute-conseil.com\\\/\",\"name\":\"Metanaute\",\"description\":\"Metanaute d\u00e9livre votre projet.\",\"publisher\":{\"@id\":\"https:\\\/\\\/metanaute-conseil.com\\\/#organization\"},\"potentialAction\":[{\"@type\":\"SearchAction\",\"target\":{\"@type\":\"EntryPoint\",\"urlTemplate\":\"https:\\\/\\\/metanaute-conseil.com\\\/?s={search_term_string}\"},\"query-input\":{\"@type\":\"PropertyValueSpecification\",\"valueRequired\":true,\"valueName\":\"search_term_string\"}}],\"inLanguage\":\"fr-FR\"},{\"@type\":\"Organization\",\"@id\":\"https:\\\/\\\/metanaute-conseil.com\\\/#organization\",\"name\":\"Metanaute\",\"url\":\"https:\\\/\\\/metanaute-conseil.com\\\/\",\"logo\":{\"@type\":\"ImageObject\",\"inLanguage\":\"fr-FR\",\"@id\":\"https:\\\/\\\/metanaute-conseil.com\\\/#\\\/schema\\\/logo\\\/image\\\/\",\"url\":\"https:\\\/\\\/metanaute-conseil.com\\\/wp-content\\\/uploads\\\/2024\\\/02\\\/Metanaute-Logo.jpg\",\"contentUrl\":\"https:\\\/\\\/metanaute-conseil.com\\\/wp-content\\\/uploads\\\/2024\\\/02\\\/Metanaute-Logo.jpg\",\"width\":500,\"height\":500,\"caption\":\"Metanaute\"},\"image\":{\"@id\":\"https:\\\/\\\/metanaute-conseil.com\\\/#\\\/schema\\\/logo\\\/image\\\/\"}}]}<\/script>\n<!-- \/ Yoast SEO plugin. -->","yoast_head_json":{"title":"A propos de Metanaute","description":"Metanaute est la soci\u00e9t\u00e9 de conseil en direction de projet cr\u00e9\u00e9e par Nicolas Oyarbide, vingt ans d'exp\u00e9rience dans le domaine.","robots":{"index":"index","follow":"follow","max-snippet":"max-snippet:-1","max-image-preview":"max-image-preview:large","max-video-preview":"max-video-preview:-1"},"canonical":"https:\/\/metanaute-conseil.com\/index.php\/metanaute-conseil\/a-propos\/","og_locale":"fr_FR","og_type":"article","og_title":"A propos de Metanaute","og_description":"Metanaute est la soci\u00e9t\u00e9 de conseil en direction de projet cr\u00e9\u00e9e par Nicolas Oyarbide, vingt ans d'exp\u00e9rience dans le domaine.","og_url":"https:\/\/metanaute-conseil.com\/index.php\/metanaute-conseil\/a-propos\/","og_site_name":"Metanaute","article_modified_time":"2024-02-16T12:32:39+00:00","og_image":[{"width":500,"height":500,"url":"http:\/\/metanaute-conseil.com\/wp-content\/uploads\/2024\/02\/Metanaute-Logo.jpg","type":"image\/jpeg"}],"twitter_card":"summary_large_image","twitter_misc":{"Dur\u00e9e de lecture estim\u00e9e":"2 minutes"},"schema":{"@context":"https:\/\/schema.org","@graph":[{"@type":"WebPage","@id":"https:\/\/metanaute-conseil.com\/index.php\/metanaute-conseil\/a-propos\/","url":"https:\/\/metanaute-conseil.com\/index.php\/metanaute-conseil\/a-propos\/","name":"A propos de Metanaute","isPartOf":{"@id":"https:\/\/metanaute-conseil.com\/#website"},"primaryImageOfPage":{"@id":"https:\/\/metanaute-conseil.com\/index.php\/metanaute-conseil\/a-propos\/#primaryimage"},"image":{"@id":"https:\/\/metanaute-conseil.com\/index.php\/metanaute-conseil\/a-propos\/#primaryimage"},"thumbnailUrl":"https:\/\/metanaute-conseil.com\/wp-content\/uploads\/2024\/02\/Metanaute-Logo.jpg","datePublished":"2024-02-12T14:00:04+00:00","dateModified":"2024-02-16T12:32:39+00:00","description":"Metanaute est la soci\u00e9t\u00e9 de conseil en direction de projet cr\u00e9\u00e9e par Nicolas Oyarbide, vingt ans d'exp\u00e9rience dans le domaine.","breadcrumb":{"@id":"https:\/\/metanaute-conseil.com\/index.php\/metanaute-conseil\/a-propos\/#breadcrumb"},"inLanguage":"fr-FR","potentialAction":[{"@type":"ReadAction","target":["https:\/\/metanaute-conseil.com\/index.php\/metanaute-conseil\/a-propos\/"]}]},{"@type":"ImageObject","inLanguage":"fr-FR","@id":"https:\/\/metanaute-conseil.com\/index.php\/metanaute-conseil\/a-propos\/#primaryimage","url":"https:\/\/metanaute-conseil.com\/wp-content\/uploads\/2024\/02\/Metanaute-Logo.jpg","contentUrl":"https:\/\/metanaute-conseil.com\/wp-content\/uploads\/2024\/02\/Metanaute-Logo.jpg","width":500,"height":500,"caption":"Metanaute - Soci\u00e9t\u00e9 de conseil en direction de projet et transformation - Logo"},{"@type":"BreadcrumbList","@id":"https:\/\/metanaute-conseil.com\/index.php\/metanaute-conseil\/a-propos\/#breadcrumb","itemListElement":[{"@type":"ListItem","position":1,"name":"Accueil","item":"https:\/\/metanaute-conseil.com\/"},{"@type":"ListItem","position":2,"name":"Metanaute &#8211; Projet et transformation","item":"https:\/\/metanaute-conseil.com\/"},{"@type":"ListItem","position":3,"name":"A propos de Metanaute"}]},{"@type":"WebSite","@id":"https:\/\/metanaute-conseil.com\/#website","url":"https:\/\/metanaute-conseil.com\/","name":"Metanaute","description":"Metanaute d\u00e9livre votre projet.","publisher":{"@id":"https:\/\/metanaute-conseil.com\/#organization"},"potentialAction":[{"@type":"SearchAction","target":{"@type":"EntryPoint","urlTemplate":"https:\/\/metanaute-conseil.com\/?s={search_term_string}"},"query-input":{"@type":"PropertyValueSpecification","valueRequired":true,"valueName":"search_term_string"}}],"inLanguage":"fr-FR"},{"@type":"Organization","@id":"https:\/\/metanaute-conseil.com\/#organization","name":"Metanaute","url":"https:\/\/metanaute-conseil.com\/","logo":{"@type":"ImageObject","inLanguage":"fr-FR","@id":"https:\/\/metanaute-conseil.com\/#\/schema\/logo\/image\/","url":"https:\/\/metanaute-conseil.com\/wp-content\/uploads\/2024\/02\/Metanaute-Logo.jpg","contentUrl":"https:\/\/metanaute-conseil.com\/wp-content\/uploads\/2024\/02\/Metanaute-Logo.jpg","width":500,"height":500,"caption":"Metanaute"},"image":{"@id":"https:\/\/metanaute-conseil.com\/#\/schema\/logo\/image\/"}}]}},"_links":{"self":[{"href":"https:\/\/metanaute-conseil.com\/index.php\/wp-json\/wp\/v2\/pages\/22","targetHints":{"allow":["GET"]}}],"collection":[{"href":"https:\/\/metanaute-conseil.com\/index.php\/wp-json\/wp\/v2\/pages"}],"about":[{"href":"https:\/\/metanaute-conseil.com\/index.php\/wp-json\/wp\/v2\/types\/page"}],"author":[{"embeddable":true,"href":"https:\/\/metanaute-conseil.com\/index.php\/wp-json\/wp\/v2\/users\/1"}],"replies":[{"embeddable":true,"href":"https:\/\/metanaute-conseil.com\/index.php\/wp-json\/wp\/v2\/comments?post=22"}],"version-history":[{"count":24,"href":"https:\/\/metanaute-conseil.com\/index.php\/wp-json\/wp\/v2\/pages\/22\/revisions"}],"predecessor-version":[{"id":575,"href":"https:\/\/metanaute-conseil.com\/index.php\/wp-json\/wp\/v2\/pages\/22\/revisions\/575"}],"up":[{"embeddable":true,"href":"https:\/\/metanaute-conseil.com\/index.php\/wp-json\/wp\/v2\/pages\/309"}],"wp:featuredmedia":[{"embeddable":true,"href":"https:\/\/metanaute-conseil.com\/index.php\/wp-json\/wp\/v2\/media\/565"}],"wp:attachment":[{"href":"https:\/\/metanaute-conseil.com\/index.php\/wp-json\/wp\/v2\/media?parent=22"}],"curies":[{"name":"wp","href":"https:\/\/api.w.org\/{rel}","templated":true}]}}