{"id":309,"date":"2020-01-13T11:17:52","date_gmt":"2020-01-13T11:17:52","guid":{"rendered":"https:\/\/demosites.io\/web-agency-gb\/?page_id=5"},"modified":"2024-02-16T13:25:26","modified_gmt":"2024-02-16T12:25:26","slug":"metanaute-conseil","status":"publish","type":"page","link":"https:\/\/metanaute-conseil.com\/","title":{"rendered":"Metanaute &#8211; Projet et transformation"},"content":{"rendered":"\n<div class=\"wp-block-cover alignfull is-light\" style=\"min-height:100vh;aspect-ratio:unset;\"><span aria-hidden=\"true\" class=\"wp-block-cover__background has-background-dim-0 has-background-dim\"><\/span><img decoding=\"async\" class=\"wp-block-cover__image-background wp-image-368\" alt=\"Metanaute d\u00e9livre votre projet.\" src=\"https:\/\/metanaute-conseil.com\/wp-content\/uploads\/2024\/02\/Metanaute-Plage-Landes-retravaille-1.jpg\" data-object-fit=\"cover\"\/><div class=\"wp-block-cover__inner-container is-layout-flow wp-block-cover-is-layout-flow\">\n<h1 class=\"wp-block-heading has-text-align-center has-text-color\" style=\"color:#121212\">Metanaute d\u00e9livre votre projet.<\/h1>\n\n\n\n<p class=\"has-text-align-center has-text-color\" style=\"color:#121212;font-size:17px\">Metanaute est une soci\u00e9t\u00e9 de conseil en direction de projets et en transformation.<\/p>\n\n\n\n<p class=\"has-text-align-center has-text-color\" style=\"color:#121212;font-size:17px\"><\/p>\n\n\n\n<p><\/p>\n\n\n\n<p><\/p>\n\n\n\n<p><\/p>\n\n\n\n<p><\/p>\n\n\n\n<p class=\"has-text-align-center\">Venez avec votre objectif, nous vous aidons \u00e0 l&rsquo;atteindre.<\/p>\n\n\n\n<div class=\"wp-block-buttons is-horizontal is-content-justification-center is-layout-flex wp-container-core-buttons-is-layout-499968f5 wp-block-buttons-is-layout-flex\">\n<div class=\"wp-block-button is-style-secondary\"><a class=\"wp-block-button__link wp-element-button\" href=\"https:\/\/metanaute-conseil.com\/index.php\/accueil\/contact\/\">Nous contacter<\/a><\/div>\n<\/div>\n<\/div><\/div>\n\n\n\n<div style=\"height:40px\" aria-hidden=\"true\" class=\"wp-block-spacer\"><\/div>\n\n\n\n<div class=\"wp-block-columns is-layout-flex wp-container-core-columns-is-layout-9d6595d7 wp-block-columns-is-layout-flex\">\n<div class=\"wp-block-column is-layout-flow wp-block-column-is-layout-flow\"><div class=\"wp-block-image icon-style is-style-default\">\n<figure class=\"aligncenter size-full is-resized\"><img decoding=\"async\" width=\"128\" height=\"128\" src=\"https:\/\/metanaute-conseil.com\/wp-content\/uploads\/2024\/02\/Metanaute-Methode.png\" alt=\"\" class=\"wp-image-578\" style=\"width:74px;height:auto\" title=\"\"\/><\/figure>\n<\/div>\n\n\n<div style=\"height:20px\" aria-hidden=\"true\" class=\"wp-block-spacer\"><\/div>\n\n\n\n<h3 class=\"wp-block-heading has-text-align-center has-neve-text-color-color has-text-color\">M\u00e9thode<\/h3>\n\n\n\n<p class=\"has-text-align-center\">Rien n&rsquo;est impossible avec de la m\u00e9thode. Nous apportons nos bonnes pratiques pour un projet r\u00e9ussi.<\/p>\n\n\n\n<div style=\"height:20px\" aria-hidden=\"true\" class=\"wp-block-spacer\"><\/div>\n<\/div>\n\n\n\n<div class=\"wp-block-column is-layout-flow wp-block-column-is-layout-flow\"><div class=\"wp-block-image icon-style is-style-default\">\n<figure class=\"aligncenter size-full is-resized\"><img decoding=\"async\" width=\"128\" height=\"128\" src=\"https:\/\/metanaute-conseil.com\/wp-content\/uploads\/2024\/02\/Metanaute-Experience.png\" alt=\"\" class=\"wp-image-580\" style=\"width:74px;height:auto\"\/><\/figure>\n<\/div>\n\n\n<div style=\"height:20px\" aria-hidden=\"true\" class=\"wp-block-spacer\"><\/div>\n\n\n\n<h3 class=\"wp-block-heading has-text-align-center has-neve-text-color-color has-text-color\">Exp\u00e9rience<\/h3>\n\n\n\n<p class=\"has-text-align-center\">Nous avons plus de dix ans d&rsquo;exp\u00e9rience dans des projets de transformation de grande ampleur.<\/p>\n\n\n\n<div style=\"height:20px\" aria-hidden=\"true\" class=\"wp-block-spacer\"><\/div>\n<\/div>\n\n\n\n<div class=\"wp-block-column is-layout-flow wp-block-column-is-layout-flow\"><div class=\"wp-block-image icon-style is-style-default\">\n<figure class=\"aligncenter size-full is-resized\"><img decoding=\"async\" width=\"128\" height=\"128\" src=\"https:\/\/metanaute-conseil.com\/wp-content\/uploads\/2024\/02\/Metanaute-Implication.png\" alt=\"\" class=\"wp-image-581\" style=\"width:74px;height:auto\"\/><\/figure>\n<\/div>\n\n\n<div style=\"height:20px\" aria-hidden=\"true\" class=\"wp-block-spacer\"><\/div>\n\n\n\n<h3 class=\"wp-block-heading has-text-align-center has-neve-text-color-color has-text-color\">Implication<\/h3>\n\n\n\n<p class=\"has-text-align-center\">Un projet se gagne sur la dur\u00e9e, en conservant la m\u00eame intensit\u00e9 du d\u00e9but \u00e0 la fin. Notre engagement \u00e0 vos c\u00f4t\u00e9s vous permet de relever le d\u00e9fi.<\/p>\n\n\n\n<div style=\"height:20px\" aria-hidden=\"true\" class=\"wp-block-spacer\"><\/div>\n<\/div>\n<\/div>\n\n\n\n<div class=\"wp-block-cover alignfull\" style=\"min-height:600px;aspect-ratio:unset;\"><span aria-hidden=\"true\" class=\"wp-block-cover__background has-nv-light-bg-background-color has-background-dim-100 has-background-dim\"><\/span><div class=\"wp-block-cover__inner-container is-layout-flow wp-block-cover-is-layout-flow\">\n<div class=\"wp-block-group\"><div class=\"wp-block-group__inner-container is-layout-flow wp-block-group-is-layout-flow\">\n<div style=\"height:40px\" aria-hidden=\"true\" class=\"wp-block-spacer\"><\/div>\n\n\n\n<div class=\"wp-block-columns are-vertically-aligned-center is-layout-flex wp-container-core-columns-is-layout-9d6595d7 wp-block-columns-is-layout-flex\">\n<div class=\"wp-block-column is-vertically-aligned-center is-layout-flow wp-block-column-is-layout-flow\" style=\"flex-basis:50%\">\n<figure class=\"wp-block-image size-large\"><img loading=\"lazy\" decoding=\"async\" width=\"1024\" height=\"1024\" src=\"http:\/\/metanaute-conseil.com\/wp-content\/uploads\/2024\/02\/Metanaute-Caillebotis-1024x1024.jpg\" alt=\"Metanaute - soci\u00e9t\u00e9 de conseil - caillebotis\" class=\"wp-image-445\" srcset=\"https:\/\/metanaute-conseil.com\/wp-content\/uploads\/2024\/02\/Metanaute-Caillebotis-1024x1024.jpg 1024w, https:\/\/metanaute-conseil.com\/wp-content\/uploads\/2024\/02\/Metanaute-Caillebotis-300x300.jpg 300w, https:\/\/metanaute-conseil.com\/wp-content\/uploads\/2024\/02\/Metanaute-Caillebotis-150x150.jpg 150w, https:\/\/metanaute-conseil.com\/wp-content\/uploads\/2024\/02\/Metanaute-Caillebotis-768x768.jpg 768w, https:\/\/metanaute-conseil.com\/wp-content\/uploads\/2024\/02\/Metanaute-Caillebotis-1536x1536.jpg 1536w, https:\/\/metanaute-conseil.com\/wp-content\/uploads\/2024\/02\/Metanaute-Caillebotis-2048x2048.jpg 2048w\" sizes=\"(max-width: 1024px) 100vw, 1024px\" \/><\/figure>\n<\/div>\n\n\n\n<div class=\"wp-block-column is-vertically-aligned-center is-layout-flow wp-block-column-is-layout-flow\" style=\"flex-basis:50%\">\n<div style=\"height:20px\" aria-hidden=\"true\" class=\"wp-block-spacer\"><\/div>\n\n\n\n<h2 class=\"wp-block-heading has-text-align-left has-neve-text-color-color has-text-color\">L&rsquo;expertise de Metanaute<\/h2>\n\n\n\n<p class=\"has-text-align-left has-neve-text-color-color has-text-color\" style=\"font-size:17px\">Compr\u00e9hension des besoins m\u00e9tier, attention port\u00e9e aux r\u00e9sultats interm\u00e9diaires&#8230; D\u00e9couvrez notre expertise pour une transformation r\u00e9ussie.<\/p>\n\n\n\n<div class=\"wp-block-buttons is-horizontal is-content-justification-left is-layout-flex wp-container-core-buttons-is-layout-7e5fce0a wp-block-buttons-is-layout-flex\">\n<div class=\"wp-block-button is-style-primary\"><a class=\"wp-block-button__link has-nv-site-bg-color has-neve-link-hover-color-background-color has-text-color has-background has-link-color wp-element-button\" href=\"https:\/\/metanaute-conseil.com\/index.php\/metanaute-conseil\/lexpertise-de-metanaute\/\">Notre expertise<\/a><\/div>\n<\/div>\n<\/div>\n<\/div>\n\n\n\n<div style=\"height:40px\" aria-hidden=\"true\" class=\"wp-block-spacer\"><\/div>\n<\/div><\/div>\n<\/div><\/div>\n\n\n\n<div class=\"wp-block-cover alignfull\" style=\"min-height:600px;aspect-ratio:unset;\"><span aria-hidden=\"true\" class=\"wp-block-cover__background has-nv-site-bg-background-color has-background-dim-100 has-background-dim\"><\/span><div class=\"wp-block-cover__inner-container is-layout-flow wp-block-cover-is-layout-flow\">\n<div class=\"wp-block-group\"><div class=\"wp-block-group__inner-container is-layout-flow wp-block-group-is-layout-flow\">\n<div style=\"height:40px\" aria-hidden=\"true\" class=\"wp-block-spacer\"><\/div>\n\n\n\n<div class=\"wp-block-columns are-vertically-aligned-center is-layout-flex wp-container-core-columns-is-layout-9d6595d7 wp-block-columns-is-layout-flex\">\n<div class=\"wp-block-column is-vertically-aligned-center is-layout-flow wp-block-column-is-layout-flow\" style=\"flex-basis:50%\">\n<h2 class=\"wp-block-heading has-text-align-left has-neve-text-color-color has-text-color\">A propos de Metanaute<\/h2>\n\n\n\n<p class=\"has-text-align-left has-neve-text-color-color has-text-color\" style=\"font-size:17px\">Le changement, le fait de construire quelque chose de nouveau \u00e0 chaque projet, nous motive. Nous en avons fait notre credo, et le nom \u00ab\u00a0Metanaute\u00a0\u00bb le refl\u00e8te.<\/p>\n\n\n\n<div class=\"wp-block-buttons is-horizontal is-content-justification-left is-layout-flex wp-container-core-buttons-is-layout-7e5fce0a wp-block-buttons-is-layout-flex\">\n<div class=\"wp-block-button is-style-primary\"><a class=\"wp-block-button__link has-nv-site-bg-color has-neve-link-hover-color-background-color has-text-color has-background has-link-color wp-element-button\" href=\"https:\/\/metanaute-conseil.com\/index.php\/accueil\/a-propos\/\">A propos de Metanaute<\/a><\/div>\n<\/div>\n\n\n\n<div style=\"height:40px\" aria-hidden=\"true\" class=\"wp-block-spacer\"><\/div>\n<\/div>\n\n\n\n<div class=\"wp-block-column is-vertically-aligned-center is-layout-flow wp-block-column-is-layout-flow\" style=\"flex-basis:50%\">\n<figure class=\"wp-block-image size-large\"><img loading=\"lazy\" decoding=\"async\" width=\"1024\" height=\"768\" src=\"http:\/\/metanaute-conseil.com\/wp-content\/uploads\/2024\/02\/Metanaute-Vue-dune-du-Pyla-1-1024x768.jpg\" alt=\"Metanaute - soci\u00e9t\u00e9 de conseil - Dune du Pyla\" class=\"wp-image-466\" srcset=\"https:\/\/metanaute-conseil.com\/wp-content\/uploads\/2024\/02\/Metanaute-Vue-dune-du-Pyla-1-1024x768.jpg 1024w, https:\/\/metanaute-conseil.com\/wp-content\/uploads\/2024\/02\/Metanaute-Vue-dune-du-Pyla-1-300x225.jpg 300w, https:\/\/metanaute-conseil.com\/wp-content\/uploads\/2024\/02\/Metanaute-Vue-dune-du-Pyla-1-768x576.jpg 768w, https:\/\/metanaute-conseil.com\/wp-content\/uploads\/2024\/02\/Metanaute-Vue-dune-du-Pyla-1-1536x1152.jpg 1536w, https:\/\/metanaute-conseil.com\/wp-content\/uploads\/2024\/02\/Metanaute-Vue-dune-du-Pyla-1-2048x1536.jpg 2048w\" sizes=\"(max-width: 1024px) 100vw, 1024px\" \/><\/figure>\n<\/div>\n<\/div>\n\n\n\n<div style=\"height:40px\" aria-hidden=\"true\" class=\"wp-block-spacer\"><\/div>\n<\/div><\/div>\n<\/div><\/div>\n\n\n\n<div class=\"wp-block-cover alignfull\" style=\"min-height:300px;aspect-ratio:unset;\"><span aria-hidden=\"true\" class=\"wp-block-cover__background has-neve-link-hover-color-background-color has-background-dim-100 has-background-dim\"><\/span><div class=\"wp-block-cover__inner-container is-layout-flow wp-block-cover-is-layout-flow\">\n<div style=\"height:40px\" aria-hidden=\"true\" class=\"wp-block-spacer\"><\/div>\n\n\n\n<h2 class=\"wp-block-heading has-text-align-center has-nv-text-dark-bg-color has-text-color\">Nous vous accompagnons dans votre projet.<\/h2>\n\n\n\n<p class=\"has-text-align-center has-nv-site-bg-color has-text-color has-link-color wp-elements-60d49fffa189db5e2c5a78ba6d216664\">Prenons le temps de discuter de votre projet et des r\u00e9sultats que vous souhaitez atteindre.<\/p>\n\n\n\n<div class=\"wp-block-buttons is-horizontal is-content-justification-center is-layout-flex wp-container-core-buttons-is-layout-499968f5 wp-block-buttons-is-layout-flex\">\n<div class=\"wp-block-button is-style-primary\"><a class=\"wp-block-button__link has-nv-dark-bg-color has-nv-site-bg-background-color has-text-color has-background has-link-color wp-element-button\" href=\"https:\/\/metanaute-conseil.com\/index.php\/accueil\/contact\/\">Contactez-nous<\/a><\/div>\n<\/div>\n\n\n\n<div style=\"height:40px\" aria-hidden=\"true\" class=\"wp-block-spacer\"><\/div>\n<\/div><\/div>\n","protected":false},"excerpt":{"rendered":"<p>M\u00e9thode Rien n&rsquo;est impossible avec de la m\u00e9thode. Nous apportons nos bonnes pratiques pour un projet r\u00e9ussi. Exp\u00e9rience Nous avons plus de dix ans d&rsquo;exp\u00e9rience dans des projets de transformation de grande ampleur. Implication Un projet se gagne sur la dur\u00e9e, en conservant la m\u00eame intensit\u00e9 du d\u00e9but \u00e0 la fin. Notre engagement \u00e0 vos&hellip;&nbsp;<a href=\"https:\/\/metanaute-conseil.com\/\" rel=\"bookmark\">Lire la suite &raquo;<span class=\"screen-reader-text\">Metanaute &#8211; Projet et transformation<\/span><\/a><\/p>\n","protected":false},"author":1,"featured_media":565,"parent":0,"menu_order":0,"comment_status":"closed","ping_status":"closed","template":"","meta":{"neve_meta_sidebar":"default","neve_meta_container":"default","neve_meta_enable_content_width":"on","neve_meta_content_width":100,"neve_meta_title_alignment":"","neve_meta_author_avatar":"","neve_post_elements_order":"","neve_meta_disable_header":"","neve_meta_disable_footer":"","neve_meta_disable_title":"on","_themeisle_gutenberg_block_has_review":false,"footnotes":""},"class_list":["post-309","page","type-page","status-publish","has-post-thumbnail","hentry"],"yoast_head":"<!-- This site is optimized with the Yoast SEO plugin v27.4 - https:\/\/yoast.com\/product\/yoast-seo-wordpress\/ -->\n<title>Metanaute - Projet et transformation<\/title>\n<meta name=\"description\" content=\"Metanaute, soci\u00e9t\u00e9 de conseil, d\u00e9livre votre projet. Venez avec votre objectif, nous apportons la m\u00e9thode pour l&#039;atteindre.\" \/>\n<meta name=\"robots\" content=\"index, follow, max-snippet:-1, max-image-preview:large, max-video-preview:-1\" \/>\n<link rel=\"canonical\" href=\"https:\/\/metanaute-conseil.com\/\" \/>\n<meta property=\"og:locale\" content=\"fr_FR\" \/>\n<meta property=\"og:type\" content=\"article\" \/>\n<meta property=\"og:title\" content=\"Metanaute - Projet et transformation\" \/>\n<meta property=\"og:description\" content=\"Metanaute, soci\u00e9t\u00e9 de conseil, d\u00e9livre votre projet. Venez avec votre objectif, nous apportons la m\u00e9thode pour l&#039;atteindre.\" \/>\n<meta property=\"og:url\" content=\"https:\/\/metanaute-conseil.com\/\" \/>\n<meta property=\"og:site_name\" content=\"Metanaute\" \/>\n<meta property=\"article:modified_time\" content=\"2024-02-16T12:25:26+00:00\" \/>\n<meta property=\"og:image\" content=\"http:\/\/metanaute-conseil.com\/wp-content\/uploads\/2024\/02\/Metanaute-Logo.jpg\" \/>\n\t<meta property=\"og:image:width\" content=\"500\" \/>\n\t<meta property=\"og:image:height\" content=\"500\" \/>\n\t<meta property=\"og:image:type\" content=\"image\/jpeg\" \/>\n<meta name=\"twitter:card\" content=\"summary_large_image\" \/>\n<meta name=\"twitter:label1\" content=\"Dur\u00e9e de lecture estim\u00e9e\" \/>\n\t<meta name=\"twitter:data1\" content=\"3 minutes\" \/>\n<script type=\"application\/ld+json\" class=\"yoast-schema-graph\">{\"@context\":\"https:\\\/\\\/schema.org\",\"@graph\":[{\"@type\":\"WebPage\",\"@id\":\"https:\\\/\\\/metanaute-conseil.com\\\/\",\"url\":\"https:\\\/\\\/metanaute-conseil.com\\\/\",\"name\":\"Metanaute - Projet et transformation\",\"isPartOf\":{\"@id\":\"https:\\\/\\\/metanaute-conseil.com\\\/#website\"},\"primaryImageOfPage\":{\"@id\":\"https:\\\/\\\/metanaute-conseil.com\\\/#primaryimage\"},\"image\":{\"@id\":\"https:\\\/\\\/metanaute-conseil.com\\\/#primaryimage\"},\"thumbnailUrl\":\"https:\\\/\\\/metanaute-conseil.com\\\/wp-content\\\/uploads\\\/2024\\\/02\\\/Metanaute-Logo.jpg\",\"datePublished\":\"2020-01-13T11:17:52+00:00\",\"dateModified\":\"2024-02-16T12:25:26+00:00\",\"description\":\"Metanaute, soci\u00e9t\u00e9 de conseil, d\u00e9livre votre projet. Venez avec votre objectif, nous apportons la m\u00e9thode pour l'atteindre.\",\"breadcrumb\":{\"@id\":\"https:\\\/\\\/metanaute-conseil.com\\\/#breadcrumb\"},\"inLanguage\":\"fr-FR\",\"potentialAction\":[{\"@type\":\"ReadAction\",\"target\":[\"https:\\\/\\\/metanaute-conseil.com\\\/\"]}]},{\"@type\":\"ImageObject\",\"inLanguage\":\"fr-FR\",\"@id\":\"https:\\\/\\\/metanaute-conseil.com\\\/#primaryimage\",\"url\":\"https:\\\/\\\/metanaute-conseil.com\\\/wp-content\\\/uploads\\\/2024\\\/02\\\/Metanaute-Logo.jpg\",\"contentUrl\":\"https:\\\/\\\/metanaute-conseil.com\\\/wp-content\\\/uploads\\\/2024\\\/02\\\/Metanaute-Logo.jpg\",\"width\":500,\"height\":500,\"caption\":\"Metanaute - Soci\u00e9t\u00e9 de conseil en direction de projet et transformation - Logo\"},{\"@type\":\"BreadcrumbList\",\"@id\":\"https:\\\/\\\/metanaute-conseil.com\\\/#breadcrumb\",\"itemListElement\":[{\"@type\":\"ListItem\",\"position\":1,\"name\":\"Accueil\",\"item\":\"https:\\\/\\\/metanaute-conseil.com\\\/\"},{\"@type\":\"ListItem\",\"position\":2,\"name\":\"Metanaute &#8211; Projet et transformation\"}]},{\"@type\":\"WebSite\",\"@id\":\"https:\\\/\\\/metanaute-conseil.com\\\/#website\",\"url\":\"https:\\\/\\\/metanaute-conseil.com\\\/\",\"name\":\"Metanaute\",\"description\":\"Metanaute d\u00e9livre votre projet.\",\"publisher\":{\"@id\":\"https:\\\/\\\/metanaute-conseil.com\\\/#organization\"},\"potentialAction\":[{\"@type\":\"SearchAction\",\"target\":{\"@type\":\"EntryPoint\",\"urlTemplate\":\"https:\\\/\\\/metanaute-conseil.com\\\/?s={search_term_string}\"},\"query-input\":{\"@type\":\"PropertyValueSpecification\",\"valueRequired\":true,\"valueName\":\"search_term_string\"}}],\"inLanguage\":\"fr-FR\"},{\"@type\":\"Organization\",\"@id\":\"https:\\\/\\\/metanaute-conseil.com\\\/#organization\",\"name\":\"Metanaute\",\"url\":\"https:\\\/\\\/metanaute-conseil.com\\\/\",\"logo\":{\"@type\":\"ImageObject\",\"inLanguage\":\"fr-FR\",\"@id\":\"https:\\\/\\\/metanaute-conseil.com\\\/#\\\/schema\\\/logo\\\/image\\\/\",\"url\":\"https:\\\/\\\/metanaute-conseil.com\\\/wp-content\\\/uploads\\\/2024\\\/02\\\/Metanaute-Logo.jpg\",\"contentUrl\":\"https:\\\/\\\/metanaute-conseil.com\\\/wp-content\\\/uploads\\\/2024\\\/02\\\/Metanaute-Logo.jpg\",\"width\":500,\"height\":500,\"caption\":\"Metanaute\"},\"image\":{\"@id\":\"https:\\\/\\\/metanaute-conseil.com\\\/#\\\/schema\\\/logo\\\/image\\\/\"}}]}<\/script>\n<!-- \/ Yoast SEO plugin. -->","yoast_head_json":{"title":"Metanaute - Projet et transformation","description":"Metanaute, soci\u00e9t\u00e9 de conseil, d\u00e9livre votre projet. Venez avec votre objectif, nous apportons la m\u00e9thode pour l'atteindre.","robots":{"index":"index","follow":"follow","max-snippet":"max-snippet:-1","max-image-preview":"max-image-preview:large","max-video-preview":"max-video-preview:-1"},"canonical":"https:\/\/metanaute-conseil.com\/","og_locale":"fr_FR","og_type":"article","og_title":"Metanaute - Projet et transformation","og_description":"Metanaute, soci\u00e9t\u00e9 de conseil, d\u00e9livre votre projet. Venez avec votre objectif, nous apportons la m\u00e9thode pour l'atteindre.","og_url":"https:\/\/metanaute-conseil.com\/","og_site_name":"Metanaute","article_modified_time":"2024-02-16T12:25:26+00:00","og_image":[{"width":500,"height":500,"url":"http:\/\/metanaute-conseil.com\/wp-content\/uploads\/2024\/02\/Metanaute-Logo.jpg","type":"image\/jpeg"}],"twitter_card":"summary_large_image","twitter_misc":{"Dur\u00e9e de lecture estim\u00e9e":"3 minutes"},"schema":{"@context":"https:\/\/schema.org","@graph":[{"@type":"WebPage","@id":"https:\/\/metanaute-conseil.com\/","url":"https:\/\/metanaute-conseil.com\/","name":"Metanaute - Projet et transformation","isPartOf":{"@id":"https:\/\/metanaute-conseil.com\/#website"},"primaryImageOfPage":{"@id":"https:\/\/metanaute-conseil.com\/#primaryimage"},"image":{"@id":"https:\/\/metanaute-conseil.com\/#primaryimage"},"thumbnailUrl":"https:\/\/metanaute-conseil.com\/wp-content\/uploads\/2024\/02\/Metanaute-Logo.jpg","datePublished":"2020-01-13T11:17:52+00:00","dateModified":"2024-02-16T12:25:26+00:00","description":"Metanaute, soci\u00e9t\u00e9 de conseil, d\u00e9livre votre projet. Venez avec votre objectif, nous apportons la m\u00e9thode pour l'atteindre.","breadcrumb":{"@id":"https:\/\/metanaute-conseil.com\/#breadcrumb"},"inLanguage":"fr-FR","potentialAction":[{"@type":"ReadAction","target":["https:\/\/metanaute-conseil.com\/"]}]},{"@type":"ImageObject","inLanguage":"fr-FR","@id":"https:\/\/metanaute-conseil.com\/#primaryimage","url":"https:\/\/metanaute-conseil.com\/wp-content\/uploads\/2024\/02\/Metanaute-Logo.jpg","contentUrl":"https:\/\/metanaute-conseil.com\/wp-content\/uploads\/2024\/02\/Metanaute-Logo.jpg","width":500,"height":500,"caption":"Metanaute - Soci\u00e9t\u00e9 de conseil en direction de projet et transformation - Logo"},{"@type":"BreadcrumbList","@id":"https:\/\/metanaute-conseil.com\/#breadcrumb","itemListElement":[{"@type":"ListItem","position":1,"name":"Accueil","item":"https:\/\/metanaute-conseil.com\/"},{"@type":"ListItem","position":2,"name":"Metanaute &#8211; Projet et transformation"}]},{"@type":"WebSite","@id":"https:\/\/metanaute-conseil.com\/#website","url":"https:\/\/metanaute-conseil.com\/","name":"Metanaute","description":"Metanaute d\u00e9livre votre projet.","publisher":{"@id":"https:\/\/metanaute-conseil.com\/#organization"},"potentialAction":[{"@type":"SearchAction","target":{"@type":"EntryPoint","urlTemplate":"https:\/\/metanaute-conseil.com\/?s={search_term_string}"},"query-input":{"@type":"PropertyValueSpecification","valueRequired":true,"valueName":"search_term_string"}}],"inLanguage":"fr-FR"},{"@type":"Organization","@id":"https:\/\/metanaute-conseil.com\/#organization","name":"Metanaute","url":"https:\/\/metanaute-conseil.com\/","logo":{"@type":"ImageObject","inLanguage":"fr-FR","@id":"https:\/\/metanaute-conseil.com\/#\/schema\/logo\/image\/","url":"https:\/\/metanaute-conseil.com\/wp-content\/uploads\/2024\/02\/Metanaute-Logo.jpg","contentUrl":"https:\/\/metanaute-conseil.com\/wp-content\/uploads\/2024\/02\/Metanaute-Logo.jpg","width":500,"height":500,"caption":"Metanaute"},"image":{"@id":"https:\/\/metanaute-conseil.com\/#\/schema\/logo\/image\/"}}]}},"_links":{"self":[{"href":"https:\/\/metanaute-conseil.com\/index.php\/wp-json\/wp\/v2\/pages\/309","targetHints":{"allow":["GET"]}}],"collection":[{"href":"https:\/\/metanaute-conseil.com\/index.php\/wp-json\/wp\/v2\/pages"}],"about":[{"href":"https:\/\/metanaute-conseil.com\/index.php\/wp-json\/wp\/v2\/types\/page"}],"author":[{"embeddable":true,"href":"https:\/\/metanaute-conseil.com\/index.php\/wp-json\/wp\/v2\/users\/1"}],"replies":[{"embeddable":true,"href":"https:\/\/metanaute-conseil.com\/index.php\/wp-json\/wp\/v2\/comments?post=309"}],"version-history":[{"count":43,"href":"https:\/\/metanaute-conseil.com\/index.php\/wp-json\/wp\/v2\/pages\/309\/revisions"}],"predecessor-version":[{"id":588,"href":"https:\/\/metanaute-conseil.com\/index.php\/wp-json\/wp\/v2\/pages\/309\/revisions\/588"}],"wp:featuredmedia":[{"embeddable":true,"href":"https:\/\/metanaute-conseil.com\/index.php\/wp-json\/wp\/v2\/media\/565"}],"wp:attachment":[{"href":"https:\/\/metanaute-conseil.com\/index.php\/wp-json\/wp\/v2\/media?parent=309"}],"curies":[{"name":"wp","href":"https:\/\/api.w.org\/{rel}","templated":true}]}}