{"id":34,"date":"2024-02-12T15:04:35","date_gmt":"2024-02-12T14:04:35","guid":{"rendered":"https:\/\/metanaute-conseil.com\/?page_id=34"},"modified":"2024-05-23T19:21:40","modified_gmt":"2024-05-23T17:21:40","slug":"mentions-legales","status":"publish","type":"page","link":"https:\/\/metanaute-conseil.com\/index.php\/mentions-legales\/","title":{"rendered":"Mentions l\u00e9gales"},"content":{"rendered":"\n<div style=\"height:80px\" aria-hidden=\"true\" class=\"wp-block-spacer\"><\/div>\n\n\n\n<h1 class=\"wp-block-heading has-text-align-center has-neve-text-color-color has-text-color\">Mentions l\u00e9gales<\/h1>\n\n\n\n<div class=\"wp-block-cover is-light\" style=\"min-height:300px;aspect-ratio:unset;\"><span aria-hidden=\"true\" class=\"wp-block-cover__background has-nv-site-bg-background-color has-background-dim-100 has-background-dim\"><\/span><div class=\"wp-block-cover__inner-container is-layout-flow wp-block-cover-is-layout-flow\">\n<p>Merci de lire avec attention les diff\u00e9rentes modalit\u00e9s d\u2019utilisation du pr\u00e9sent site avant d\u2019y parcourir ses pages.<\/p>\n\n\n\n<p>En vous connectant sur ce site, vous acceptez sans r\u00e9serves les pr\u00e9sentes modalit\u00e9s. Aussi, les responsables du pr\u00e9sent site internet https:\/\/metanaute-conseil.com sont :<\/p>\n\n\n\n<h2>Editeur du site<\/h2>\n<p>Metanaute SARL<\/p>\n<p>RCS Bordeaux : 929 067 411<\/p>\n<p>Responsable \u00e9ditorial : Nicolas OYARBIDE<\/p>\n<p>Adresse : 12bis avenue Edmond Rostand 33700 MERIGNAC<\/p>\n<p>E-mail : nicolas@metanaute-conseil.com<\/p>\n<p>Site web : https:\/\/metanaute-conseil.com<\/p>\n<h2>H\u00e9bergement<\/h2>\n<p>H\u00e9bergeur : Hostinger<\/p>\n<p>61 Lordou Vironos str. 6023 Larnaca, Chypre<\/p>\n<p>Site web : https:\/\/www.hostinger.fr\/<\/p>\n<p>Hostinger International Ltd, soci\u00e9t\u00e9 priv\u00e9e \u00e0 responsabilit\u00e9 limit\u00e9e de Chypre<\/p>\n<p>Contact : https:\/\/www.hostinger.fr\/contact<\/p>\n<h2>Conception<\/h2>\n<p>Metanaute SARL<\/p>\n<p>Adresse : 12bis avenue Edmond Rostand 33700 MERIGNAC<\/p>\n<p>Site web : https:\/\/metanaute-conseil.com<\/p>\n<h2>Politique de protection des donn\u00e9es personnelles<\/h2>\n<p>En utilisant ou en naviguant sur notre site internet https:\/\/metanaute-conseil.com (ci-apr\u00e8s \u00ab le Site \u00bb), vous pouvez \u00eatre amen\u00e9 \u00e0 nous transmettre vos donn\u00e9es personnelles depuis nos diff\u00e9rents formulaires de contact.<\/p>\n<ul>\n<li>Depuis nos diff\u00e9rents formulaires de contact.<\/li>\n<li>Lorsque vous naviguez sur le Site et que vous acceptez que nous puissions utiliser des cookies<\/li>\n<\/ul>\n<p>Metanaute constitue le Responsable de Traitement.<\/p>\n<h3>Formulaire de contact<\/h3>\n<p>Nous collectons votre identit\u00e9 et vos coordonn\u00e9es et un descriptif de votre demande. Ces donn\u00e9es sont utilis\u00e9es afin de r\u00e9pondre de mani\u00e8re satisfaisante \u00e0 la demande que vous nous avez formul\u00e9e. Aucun autre usage n&rsquo;est fait de vos donn\u00e9es personnelles sans votre consentement.<\/p>\n<p>Si, \u00e0 la suite de la saisie du formulaire, vous ne devenez pas client(e) de Metanaute, les donn\u00e9es sont supprim\u00e9es dans les deux ans \u00e0 compter de la date de collecte.<\/p>\n<p>Vos donn\u00e9es sont h\u00e9berg\u00e9es chez nos sous-traitants, avec qui nous avons conclu des contrats assurant leur protection.<\/p>\n<h3>Cookies<\/h3>\n<p>Les seuls cookies pr\u00e9sents sur le site ont pour but la mesure anonymis\u00e9e de l&rsquo;audience et le bon fonctionnement du service.<\/p>\n<h3>Vos droits concernant vos donn\u00e9es personnelles<\/h3>\n<p>Vous disposez d\u2019un droit d\u2019acc\u00e8s, de rectification et de suppression des donn\u00e9es qui vous concernent. Vous pouvez demander la portabilit\u00e9 de ces derni\u00e8res dans les conditions d\u00e9finies par le R\u00e8glement G\u00e9n\u00e9ral sur la Protection des Donn\u00e9es. Vous avez \u00e9galement le droit de vous opposer aux traitements r\u00e9alis\u00e9s ou d\u2019en demander la limitation.<\/p>\n<p>Pour exercer votre droit, contactez-nous : nicolas@metanaute-conseil.com<\/p>\n<p>Si vous pensez que vos droits n&rsquo;ont pas \u00e9t\u00e9 respect\u00e9s, vous pouvez introduire une plainte aupr\u00e8s de la CNIL.<\/p>\n<\/div><\/div>\n\n\n\n<div class=\"wp-block-cover alignfull\" style=\"min-height:560px;aspect-ratio:unset;\"><span aria-hidden=\"true\" class=\"wp-block-cover__background has-background-dim-20 has-background-dim\"><\/span><img fetchpriority=\"high\" decoding=\"async\" width=\"2560\" height=\"2560\" class=\"wp-block-cover__image-background wp-image-445\" alt=\"\" src=\"http:\/\/metanaute-conseil.com\/wp-content\/uploads\/2024\/02\/Metanaute-Caillebotis-scaled.jpg\" style=\"object-position:49% 67%\" data-object-fit=\"cover\" data-object-position=\"49% 67%\" srcset=\"https:\/\/metanaute-conseil.com\/wp-content\/uploads\/2024\/02\/Metanaute-Caillebotis-scaled.jpg 2560w, https:\/\/metanaute-conseil.com\/wp-content\/uploads\/2024\/02\/Metanaute-Caillebotis-300x300.jpg 300w, https:\/\/metanaute-conseil.com\/wp-content\/uploads\/2024\/02\/Metanaute-Caillebotis-1024x1024.jpg 1024w, https:\/\/metanaute-conseil.com\/wp-content\/uploads\/2024\/02\/Metanaute-Caillebotis-150x150.jpg 150w, https:\/\/metanaute-conseil.com\/wp-content\/uploads\/2024\/02\/Metanaute-Caillebotis-768x768.jpg 768w, https:\/\/metanaute-conseil.com\/wp-content\/uploads\/2024\/02\/Metanaute-Caillebotis-1536x1536.jpg 1536w, https:\/\/metanaute-conseil.com\/wp-content\/uploads\/2024\/02\/Metanaute-Caillebotis-2048x2048.jpg 2048w\" sizes=\"(max-width: 2560px) 100vw, 2560px\" \/><div class=\"wp-block-cover__inner-container is-layout-flow wp-block-cover-is-layout-flow\">\n<p class=\"has-text-align-center has-large-font-size\"><\/p>\n<\/div><\/div>\n","protected":false},"excerpt":{"rendered":"<p>Mentions l\u00e9gales<\/p>\n","protected":false},"author":1,"featured_media":0,"parent":0,"menu_order":0,"comment_status":"closed","ping_status":"closed","template":"","meta":{"neve_meta_sidebar":"full-width","neve_meta_container":"contained","neve_meta_enable_content_width":"on","neve_meta_content_width":100,"neve_meta_title_alignment":"","neve_meta_author_avatar":"","neve_post_elements_order":"","neve_meta_disable_header":"","neve_meta_disable_footer":"","neve_meta_disable_title":"on","_themeisle_gutenberg_block_has_review":false,"footnotes":""},"class_list":["post-34","page","type-page","status-publish","hentry"],"yoast_head":"<!-- This site is optimized with the Yoast SEO plugin v27.4 - https:\/\/yoast.com\/product\/yoast-seo-wordpress\/ -->\n<title>Mentions l\u00e9gales - Metanaute<\/title>\n<meta name=\"description\" content=\"metanaute-conseil.com est un site \u00e9dit\u00e9 par la soci\u00e9t\u00e9 Metanaute, conseil en direction de projet et transformation.\" \/>\n<meta name=\"robots\" content=\"index, follow, max-snippet:-1, max-image-preview:large, max-video-preview:-1\" \/>\n<link rel=\"canonical\" href=\"https:\/\/metanaute-conseil.com\/index.php\/mentions-legales\/\" \/>\n<meta property=\"og:locale\" content=\"fr_FR\" \/>\n<meta property=\"og:type\" content=\"article\" \/>\n<meta property=\"og:title\" content=\"Mentions l\u00e9gales - Metanaute\" \/>\n<meta property=\"og:description\" content=\"metanaute-conseil.com est un site \u00e9dit\u00e9 par la soci\u00e9t\u00e9 Metanaute, conseil en direction de projet et transformation.\" \/>\n<meta property=\"og:url\" content=\"https:\/\/metanaute-conseil.com\/index.php\/mentions-legales\/\" \/>\n<meta property=\"og:site_name\" content=\"Metanaute\" \/>\n<meta property=\"article:modified_time\" content=\"2024-05-23T17:21:40+00:00\" \/>\n<meta property=\"og:image\" content=\"http:\/\/metanaute-conseil.com\/wp-content\/uploads\/2024\/02\/Metanaute-Caillebotis-scaled.jpg\" \/>\n<meta name=\"twitter:card\" content=\"summary_large_image\" \/>\n<meta name=\"twitter:label1\" content=\"Dur\u00e9e de lecture estim\u00e9e\" \/>\n\t<meta name=\"twitter:data1\" content=\"3 minutes\" \/>\n<script type=\"application\/ld+json\" class=\"yoast-schema-graph\">{\"@context\":\"https:\\\/\\\/schema.org\",\"@graph\":[{\"@type\":\"WebPage\",\"@id\":\"https:\\\/\\\/metanaute-conseil.com\\\/index.php\\\/mentions-legales\\\/\",\"url\":\"https:\\\/\\\/metanaute-conseil.com\\\/index.php\\\/mentions-legales\\\/\",\"name\":\"Mentions l\u00e9gales - Metanaute\",\"isPartOf\":{\"@id\":\"https:\\\/\\\/metanaute-conseil.com\\\/#website\"},\"primaryImageOfPage\":{\"@id\":\"https:\\\/\\\/metanaute-conseil.com\\\/index.php\\\/mentions-legales\\\/#primaryimage\"},\"image\":{\"@id\":\"https:\\\/\\\/metanaute-conseil.com\\\/index.php\\\/mentions-legales\\\/#primaryimage\"},\"thumbnailUrl\":\"http:\\\/\\\/metanaute-conseil.com\\\/wp-content\\\/uploads\\\/2024\\\/02\\\/Metanaute-Caillebotis-scaled.jpg\",\"datePublished\":\"2024-02-12T14:04:35+00:00\",\"dateModified\":\"2024-05-23T17:21:40+00:00\",\"description\":\"metanaute-conseil.com est un site \u00e9dit\u00e9 par la soci\u00e9t\u00e9 Metanaute, conseil en direction de projet et transformation.\",\"breadcrumb\":{\"@id\":\"https:\\\/\\\/metanaute-conseil.com\\\/index.php\\\/mentions-legales\\\/#breadcrumb\"},\"inLanguage\":\"fr-FR\",\"potentialAction\":[{\"@type\":\"ReadAction\",\"target\":[\"https:\\\/\\\/metanaute-conseil.com\\\/index.php\\\/mentions-legales\\\/\"]}]},{\"@type\":\"ImageObject\",\"inLanguage\":\"fr-FR\",\"@id\":\"https:\\\/\\\/metanaute-conseil.com\\\/index.php\\\/mentions-legales\\\/#primaryimage\",\"url\":\"https:\\\/\\\/metanaute-conseil.com\\\/wp-content\\\/uploads\\\/2024\\\/02\\\/Metanaute-Caillebotis-scaled.jpg\",\"contentUrl\":\"https:\\\/\\\/metanaute-conseil.com\\\/wp-content\\\/uploads\\\/2024\\\/02\\\/Metanaute-Caillebotis-scaled.jpg\",\"width\":2560,\"height\":2560},{\"@type\":\"BreadcrumbList\",\"@id\":\"https:\\\/\\\/metanaute-conseil.com\\\/index.php\\\/mentions-legales\\\/#breadcrumb\",\"itemListElement\":[{\"@type\":\"ListItem\",\"position\":1,\"name\":\"Accueil\",\"item\":\"https:\\\/\\\/metanaute-conseil.com\\\/\"},{\"@type\":\"ListItem\",\"position\":2,\"name\":\"Mentions l\u00e9gales\"}]},{\"@type\":\"WebSite\",\"@id\":\"https:\\\/\\\/metanaute-conseil.com\\\/#website\",\"url\":\"https:\\\/\\\/metanaute-conseil.com\\\/\",\"name\":\"Metanaute\",\"description\":\"Metanaute d\u00e9livre votre projet.\",\"publisher\":{\"@id\":\"https:\\\/\\\/metanaute-conseil.com\\\/#organization\"},\"potentialAction\":[{\"@type\":\"SearchAction\",\"target\":{\"@type\":\"EntryPoint\",\"urlTemplate\":\"https:\\\/\\\/metanaute-conseil.com\\\/?s={search_term_string}\"},\"query-input\":{\"@type\":\"PropertyValueSpecification\",\"valueRequired\":true,\"valueName\":\"search_term_string\"}}],\"inLanguage\":\"fr-FR\"},{\"@type\":\"Organization\",\"@id\":\"https:\\\/\\\/metanaute-conseil.com\\\/#organization\",\"name\":\"Metanaute\",\"url\":\"https:\\\/\\\/metanaute-conseil.com\\\/\",\"logo\":{\"@type\":\"ImageObject\",\"inLanguage\":\"fr-FR\",\"@id\":\"https:\\\/\\\/metanaute-conseil.com\\\/#\\\/schema\\\/logo\\\/image\\\/\",\"url\":\"https:\\\/\\\/metanaute-conseil.com\\\/wp-content\\\/uploads\\\/2024\\\/02\\\/Metanaute-Logo.jpg\",\"contentUrl\":\"https:\\\/\\\/metanaute-conseil.com\\\/wp-content\\\/uploads\\\/2024\\\/02\\\/Metanaute-Logo.jpg\",\"width\":500,\"height\":500,\"caption\":\"Metanaute\"},\"image\":{\"@id\":\"https:\\\/\\\/metanaute-conseil.com\\\/#\\\/schema\\\/logo\\\/image\\\/\"}}]}<\/script>\n<!-- \/ Yoast SEO plugin. -->","yoast_head_json":{"title":"Mentions l\u00e9gales - Metanaute","description":"metanaute-conseil.com est un site \u00e9dit\u00e9 par la soci\u00e9t\u00e9 Metanaute, conseil en direction de projet et transformation.","robots":{"index":"index","follow":"follow","max-snippet":"max-snippet:-1","max-image-preview":"max-image-preview:large","max-video-preview":"max-video-preview:-1"},"canonical":"https:\/\/metanaute-conseil.com\/index.php\/mentions-legales\/","og_locale":"fr_FR","og_type":"article","og_title":"Mentions l\u00e9gales - Metanaute","og_description":"metanaute-conseil.com est un site \u00e9dit\u00e9 par la soci\u00e9t\u00e9 Metanaute, conseil en direction de projet et transformation.","og_url":"https:\/\/metanaute-conseil.com\/index.php\/mentions-legales\/","og_site_name":"Metanaute","article_modified_time":"2024-05-23T17:21:40+00:00","og_image":[{"url":"http:\/\/metanaute-conseil.com\/wp-content\/uploads\/2024\/02\/Metanaute-Caillebotis-scaled.jpg","type":"","width":"","height":""}],"twitter_card":"summary_large_image","twitter_misc":{"Dur\u00e9e de lecture estim\u00e9e":"3 minutes"},"schema":{"@context":"https:\/\/schema.org","@graph":[{"@type":"WebPage","@id":"https:\/\/metanaute-conseil.com\/index.php\/mentions-legales\/","url":"https:\/\/metanaute-conseil.com\/index.php\/mentions-legales\/","name":"Mentions l\u00e9gales - Metanaute","isPartOf":{"@id":"https:\/\/metanaute-conseil.com\/#website"},"primaryImageOfPage":{"@id":"https:\/\/metanaute-conseil.com\/index.php\/mentions-legales\/#primaryimage"},"image":{"@id":"https:\/\/metanaute-conseil.com\/index.php\/mentions-legales\/#primaryimage"},"thumbnailUrl":"http:\/\/metanaute-conseil.com\/wp-content\/uploads\/2024\/02\/Metanaute-Caillebotis-scaled.jpg","datePublished":"2024-02-12T14:04:35+00:00","dateModified":"2024-05-23T17:21:40+00:00","description":"metanaute-conseil.com est un site \u00e9dit\u00e9 par la soci\u00e9t\u00e9 Metanaute, conseil en direction de projet et transformation.","breadcrumb":{"@id":"https:\/\/metanaute-conseil.com\/index.php\/mentions-legales\/#breadcrumb"},"inLanguage":"fr-FR","potentialAction":[{"@type":"ReadAction","target":["https:\/\/metanaute-conseil.com\/index.php\/mentions-legales\/"]}]},{"@type":"ImageObject","inLanguage":"fr-FR","@id":"https:\/\/metanaute-conseil.com\/index.php\/mentions-legales\/#primaryimage","url":"https:\/\/metanaute-conseil.com\/wp-content\/uploads\/2024\/02\/Metanaute-Caillebotis-scaled.jpg","contentUrl":"https:\/\/metanaute-conseil.com\/wp-content\/uploads\/2024\/02\/Metanaute-Caillebotis-scaled.jpg","width":2560,"height":2560},{"@type":"BreadcrumbList","@id":"https:\/\/metanaute-conseil.com\/index.php\/mentions-legales\/#breadcrumb","itemListElement":[{"@type":"ListItem","position":1,"name":"Accueil","item":"https:\/\/metanaute-conseil.com\/"},{"@type":"ListItem","position":2,"name":"Mentions l\u00e9gales"}]},{"@type":"WebSite","@id":"https:\/\/metanaute-conseil.com\/#website","url":"https:\/\/metanaute-conseil.com\/","name":"Metanaute","description":"Metanaute d\u00e9livre votre projet.","publisher":{"@id":"https:\/\/metanaute-conseil.com\/#organization"},"potentialAction":[{"@type":"SearchAction","target":{"@type":"EntryPoint","urlTemplate":"https:\/\/metanaute-conseil.com\/?s={search_term_string}"},"query-input":{"@type":"PropertyValueSpecification","valueRequired":true,"valueName":"search_term_string"}}],"inLanguage":"fr-FR"},{"@type":"Organization","@id":"https:\/\/metanaute-conseil.com\/#organization","name":"Metanaute","url":"https:\/\/metanaute-conseil.com\/","logo":{"@type":"ImageObject","inLanguage":"fr-FR","@id":"https:\/\/metanaute-conseil.com\/#\/schema\/logo\/image\/","url":"https:\/\/metanaute-conseil.com\/wp-content\/uploads\/2024\/02\/Metanaute-Logo.jpg","contentUrl":"https:\/\/metanaute-conseil.com\/wp-content\/uploads\/2024\/02\/Metanaute-Logo.jpg","width":500,"height":500,"caption":"Metanaute"},"image":{"@id":"https:\/\/metanaute-conseil.com\/#\/schema\/logo\/image\/"}}]}},"_links":{"self":[{"href":"https:\/\/metanaute-conseil.com\/index.php\/wp-json\/wp\/v2\/pages\/34","targetHints":{"allow":["GET"]}}],"collection":[{"href":"https:\/\/metanaute-conseil.com\/index.php\/wp-json\/wp\/v2\/pages"}],"about":[{"href":"https:\/\/metanaute-conseil.com\/index.php\/wp-json\/wp\/v2\/types\/page"}],"author":[{"embeddable":true,"href":"https:\/\/metanaute-conseil.com\/index.php\/wp-json\/wp\/v2\/users\/1"}],"replies":[{"embeddable":true,"href":"https:\/\/metanaute-conseil.com\/index.php\/wp-json\/wp\/v2\/comments?post=34"}],"version-history":[{"count":10,"href":"https:\/\/metanaute-conseil.com\/index.php\/wp-json\/wp\/v2\/pages\/34\/revisions"}],"predecessor-version":[{"id":597,"href":"https:\/\/metanaute-conseil.com\/index.php\/wp-json\/wp\/v2\/pages\/34\/revisions\/597"}],"wp:attachment":[{"href":"https:\/\/metanaute-conseil.com\/index.php\/wp-json\/wp\/v2\/media?parent=34"}],"curies":[{"name":"wp","href":"https:\/\/api.w.org\/{rel}","templated":true}]}}