{"id":460,"date":"2024-02-13T12:23:28","date_gmt":"2024-02-13T11:23:28","guid":{"rendered":"https:\/\/metanaute-conseil.com\/?page_id=460"},"modified":"2024-02-16T13:32:18","modified_gmt":"2024-02-16T12:32:18","slug":"lexpertise-de-metanaute","status":"publish","type":"page","link":"https:\/\/metanaute-conseil.com\/index.php\/metanaute-conseil\/lexpertise-de-metanaute\/","title":{"rendered":"L&rsquo;expertise de Metanaute"},"content":{"rendered":"\n<div class=\"wp-block-cover alignfull is-light\"><span aria-hidden=\"true\" class=\"wp-block-cover__background has-neve-link-hover-color-background-color has-background-dim-100 has-background-dim\"><\/span><div class=\"wp-block-cover__inner-container is-layout-flow wp-block-cover-is-layout-flow\">\n<div style=\"height:40px\" aria-hidden=\"true\" class=\"wp-block-spacer\"><\/div>\n\n\n\n<div class=\"wp-block-cover alignwide is-light\" style=\"min-height:320px;aspect-ratio:unset;\"><span aria-hidden=\"true\" class=\"wp-block-cover__background has-nv-site-bg-background-color has-background-dim-100 has-background-dim\"><\/span><div class=\"wp-block-cover__inner-container is-layout-flow wp-block-cover-is-layout-flow\">\n<h1 class=\"wp-block-heading has-text-align-center has-neve-text-color-color has-text-color\">L&rsquo;expertise de Metanaute<\/h1>\n\n\n\n<p class=\"has-text-align-center has-neve-text-color-color has-text-color\">Nous d\u00e9livrons votre projet. Venez avec vos id\u00e9es, nous apportons notre m\u00e9thode et notre exp\u00e9rience.<\/p>\n\n\n\n<p class=\"has-text-align-center has-neve-text-color-color has-text-color\">Ensemble, nous aboutirons \u00e0 des r\u00e9sultats concrets et mesurables.<\/p>\n<\/div><\/div>\n\n\n\n<div style=\"height:40px\" aria-hidden=\"true\" class=\"wp-block-spacer\"><\/div>\n<\/div><\/div>\n\n\n\n<div class=\"wp-block-cover alignfull is-light\"><span aria-hidden=\"true\" class=\"wp-block-cover__background has-nv-site-bg-background-color has-background-dim-100 has-background-dim\"><\/span><div class=\"wp-block-cover__inner-container is-layout-flow wp-block-cover-is-layout-flow\">\n<div style=\"height:80px\" aria-hidden=\"true\" class=\"wp-block-spacer\"><\/div>\n\n\n\n<div class=\"wp-block-columns is-layout-flex wp-container-core-columns-is-layout-9d6595d7 wp-block-columns-is-layout-flex\">\n<div class=\"wp-block-column is-layout-flow wp-block-column-is-layout-flow\">\n<h2 class=\"wp-block-heading has-neve-text-color-color has-text-color\">Notre constat<\/h2>\n\n\n\n<p class=\"has-neve-text-color-color has-text-color\">Les collaborateurs ont des id\u00e9es. Beaucoup. Les \u00e9quipes connaissent leurs m\u00e9tiers, et ce qu&rsquo;il convient d&rsquo;adapter pour servir un nouvel objectif.<\/p>\n\n\n\n<p class=\"has-neve-text-color-color has-text-color\">Mais bien souvent le passage \u00e0 l\u2019action est difficile. Par quoi commencer&nbsp;? Comment impliquer les contributeurs&nbsp;? Comment ne pas se perdre dans les nombreuses initiatives qui concourent \u00e0 l\u2019objectif&nbsp;? Comment savoir si on est dans la bonne voie&nbsp;? Comment obtenir le soutien des Directions&nbsp;?<\/p>\n\n\n\n<p>Notre mission est de rendre simple un projet complexe.<\/p>\n<\/div>\n\n\n\n<div class=\"wp-block-column is-layout-flow wp-block-column-is-layout-flow\">\n<h2 class=\"wp-block-heading has-neve-text-color-color has-text-color\">Notre savoir-faire<\/h2>\n\n\n\n<p class=\"has-neve-text-color-color has-text-color\">De la m\u00e9thode : plus un objectif est ambitieux, plus sa planification est importante.<\/p>\n\n\n\n<p>De la constance : se rappeler l&rsquo;objectif \u00e0 chaque d\u00e9cision permet de ne pas le perdre de vue.<\/p>\n\n\n\n<p>Des preuves : pour convaincre, il faut d\u00e9montrer que le changement d\u00e9livre des r\u00e9sultats, tout au long du projet, pas seulement \u00e0 sa fin.<\/p>\n\n\n\n<p>Du temps : les \u00e9quipes doivent contribuer au changement. Savoir doser leurs interventions s\u00e9curise leur adh\u00e9sion sans fragiliser les affaires courantes.<\/p>\n<\/div>\n<\/div>\n\n\n\n<div style=\"height:40px\" aria-hidden=\"true\" class=\"wp-block-spacer\"><\/div>\n<\/div><\/div>\n\n\n\n<div class=\"wp-block-cover aligncenter\"><span aria-hidden=\"true\" class=\"wp-block-cover__background has-nv-dark-bg-background-color has-background-dim-80 has-background-dim\"><\/span><img fetchpriority=\"high\" decoding=\"async\" width=\"2560\" height=\"1920\" class=\"wp-block-cover__image-background wp-image-466\" alt=\"\" src=\"http:\/\/metanaute-conseil.com\/wp-content\/uploads\/2024\/02\/Metanaute-Vue-dune-du-Pyla-1-scaled.jpg\" data-object-fit=\"cover\" srcset=\"https:\/\/metanaute-conseil.com\/wp-content\/uploads\/2024\/02\/Metanaute-Vue-dune-du-Pyla-1-scaled.jpg 2560w, https:\/\/metanaute-conseil.com\/wp-content\/uploads\/2024\/02\/Metanaute-Vue-dune-du-Pyla-1-300x225.jpg 300w, https:\/\/metanaute-conseil.com\/wp-content\/uploads\/2024\/02\/Metanaute-Vue-dune-du-Pyla-1-1024x768.jpg 1024w, https:\/\/metanaute-conseil.com\/wp-content\/uploads\/2024\/02\/Metanaute-Vue-dune-du-Pyla-1-768x576.jpg 768w, https:\/\/metanaute-conseil.com\/wp-content\/uploads\/2024\/02\/Metanaute-Vue-dune-du-Pyla-1-1536x1152.jpg 1536w, https:\/\/metanaute-conseil.com\/wp-content\/uploads\/2024\/02\/Metanaute-Vue-dune-du-Pyla-1-2048x1536.jpg 2048w\" sizes=\"(max-width: 2560px) 100vw, 2560px\" \/><div class=\"wp-block-cover__inner-container is-layout-flow wp-block-cover-is-layout-flow\">\n<div style=\"height:40px\" aria-hidden=\"true\" class=\"wp-block-spacer\"><\/div>\n\n\n\n<h2 class=\"wp-block-heading has-text-align-center has-nv-text-dark-bg-color has-text-color\">Il n&rsquo;y a pas de bon vent<\/h2>\n\n\n\n<h2 class=\"wp-block-heading has-text-align-center has-nv-text-dark-bg-color has-text-color\">pour le marin qui ne sait pas o\u00f9 il va.<\/h2>\n\n\n\n<p style=\"text-align: center;\"><span style=\"color: #ffffff;\">Notre intervention d\u00e9marre d\u00e8s la phase de conception, en amont de la<\/span><br \/><span style=\"color: #ffffff;\">contribution de la ma\u00eetrise d&rsquo;\u0153uvre. Nous vous aidons \u00e0 d\u00e9finir le cap. Et d\u00e8s<\/span><br \/><span style=\"color: #ffffff;\">le d\u00e9part, nous clarifions ensemble ce que nous qualifierons comme un succ\u00e8s.<\/span><\/p>\n\n\n\n<div style=\"height:20px\" aria-hidden=\"true\" class=\"wp-block-spacer\"><\/div>\n\n\n\n<div style=\"height:40px\" aria-hidden=\"true\" class=\"wp-block-spacer\"><\/div>\n<\/div><\/div>\n\n\n\n<div style=\"height:80px\" aria-hidden=\"true\" class=\"wp-block-spacer\"><\/div>\n\n\n\n<h2 class=\"wp-block-heading has-text-align-center\">Notre m\u00e9thode<\/h2>\n\n\n\n<p class=\"has-text-align-center\">Tout le monde peut s&rsquo;approprier cette m\u00e9thode, sa simplicit\u00e9 est sa force. Sa r\u00e9ussite d\u00e9pend de la rigueur et du rythme avec lesquels on l&rsquo;applique.<\/p>\n\n\n\n<div style=\"height:20px\" aria-hidden=\"true\" class=\"wp-block-spacer\"><\/div>\n\n\n\n<div class=\"wp-block-columns is-layout-flex wp-container-core-columns-is-layout-9d6595d7 wp-block-columns-is-layout-flex\">\n<div class=\"wp-block-column is-layout-flow wp-block-column-is-layout-flow\"><div class=\"wp-block-image\">\n<figure class=\"aligncenter size-large is-resized\"><img decoding=\"async\" src=\"https:\/\/api.themeisle.com\/templates-data\/2021\/05\/ebf0233ced7259cf0838b7ba6d3aee07z5k5tcnu91t54ot9svkt\/images\/tc-icons-03.png\" alt=\"\" class=\"wp-image-493\" style=\"width:80px;height:80px\"\/><\/figure>\n<\/div>\n\n\n<h3 class=\"wp-block-heading has-text-align-center has-neve-text-color-color has-text-color\">Cadrage et conception<\/h3>\n\n\n\n<p class=\"has-neve-text-color-color has-text-color\">Tout d\u00e9marre avec un objectif bien d\u00e9fini, et se poursuit par un plan d&rsquo;actions structur\u00e9 et jalonn\u00e9.<\/p>\n<\/div>\n\n\n\n<div class=\"wp-block-column is-layout-flow wp-block-column-is-layout-flow\"><div class=\"wp-block-image\">\n<figure class=\"aligncenter size-large is-resized\"><img decoding=\"async\" src=\"https:\/\/api.themeisle.com\/templates-data\/2021\/05\/ebf0233ced7259cf0838b7ba6d3aee07z5k5tcnu91t54ot9svkt\/images\/tc-icons-02.png\" alt=\"\" class=\"wp-image-492\" style=\"width:80px;height:80px\"\/><\/figure>\n<\/div>\n\n\n<h3 class=\"wp-block-heading has-text-align-center has-neve-text-color-color has-text-color\">Gouvernance<\/h3>\n\n\n\n<p class=\"has-neve-text-color-color has-text-color\">La gouvernance consiste \u00e0 identifier l&rsquo;\u00e9quipe \u00e9largie qui contribue au projet. D\u00e9finir les r\u00f4les et responsabilit\u00e9s de chacun est une premi\u00e8re \u00e9tape. Tout aussi essentielle, la d\u00e9signation de sponsors parmi les d\u00e9cideurs permet au projet de se d\u00e9ployer, toutes voiles dehors.<\/p>\n<\/div>\n<\/div>\n\n\n\n<div style=\"height:20px\" aria-hidden=\"true\" class=\"wp-block-spacer\"><\/div>\n\n\n\n<div class=\"wp-block-columns is-layout-flex wp-container-core-columns-is-layout-9d6595d7 wp-block-columns-is-layout-flex\">\n<div class=\"wp-block-column is-layout-flow wp-block-column-is-layout-flow\"><div class=\"wp-block-image\">\n<figure class=\"aligncenter size-large is-resized\"><img decoding=\"async\" src=\"https:\/\/api.themeisle.com\/templates-data\/2021\/05\/ebf0233ced7259cf0838b7ba6d3aee07z5k5tcnu91t54ot9svkt\/images\/tc-icons-01.png\" alt=\"\" class=\"wp-image-491\" style=\"width:80px;height:80px\"\/><\/figure>\n<\/div>\n\n\n<h3 class=\"wp-block-heading has-text-align-center has-neve-text-color-color has-text-color\">Pilotage de la performance<\/h3>\n\n\n\n<p class=\"has-neve-text-color-color has-text-color\">Nous sommes de fervents adeptes de la mise sous indicateurs ! Un projet se mesure. Notre but est de prouver que le projet avance, et qu&rsquo;il porte d\u00e9j\u00e0 ses fruits. Prenons le temps de d\u00e9tecter les premiers r\u00e9sultats, et de les mettre en valeur.<\/p>\n<\/div>\n\n\n\n<div class=\"wp-block-column is-layout-flow wp-block-column-is-layout-flow\"><div class=\"wp-block-image\">\n<figure class=\"aligncenter size-large is-resized\"><img decoding=\"async\" src=\"https:\/\/api.themeisle.com\/templates-data\/2021\/05\/ebf0233ced7259cf0838b7ba6d3aee07z5k5tcnu91t54ot9svkt\/images\/tc-icons-03.png\" alt=\"\" class=\"wp-image-493\" style=\"width:80px;height:80px\"\/><\/figure>\n<\/div>\n\n\n<h3 class=\"wp-block-heading has-text-align-center has-neve-text-color-color has-text-color\">Suivre, d\u00e9cider et animer<\/h3>\n\n\n\n<p class=\"has-neve-text-color-color has-text-color\">Des comit\u00e9s r\u00e9guliers permettent de tenir inform\u00e9s l&rsquo;\u00e9quipe rapproch\u00e9e et les d\u00e9cideurs. Mais un projet ambitieux doit aussi voir sa communication d\u00e9passer le cercle des \u00ab\u00a0happy fews\u00a0\u00bb pour irriguer l&rsquo;organisation. Une transformation r\u00e9ussie embarque tout l&rsquo;\u00e9quipage.<\/p>\n<\/div>\n<\/div>\n\n\n\n<div style=\"height:100px\" aria-hidden=\"true\" class=\"wp-block-spacer\"><\/div>\n\n\n\n<div class=\"wp-block-cover alignfull is-light\" style=\"min-height:600px;aspect-ratio:unset;\"><span aria-hidden=\"true\" class=\"wp-block-cover__background has-neve-link-hover-color-background-color has-background-dim-100 has-background-dim\"><\/span><div class=\"wp-block-cover__inner-container is-layout-flow wp-block-cover-is-layout-flow\">\n<div class=\"wp-block-columns is-layout-flex wp-container-core-columns-is-layout-9d6595d7 wp-block-columns-is-layout-flex\">\n<div class=\"wp-block-column is-vertically-aligned-center is-layout-flow wp-block-column-is-layout-flow\" style=\"flex-basis:100%\">\n<h1 class=\"wp-block-heading has-text-align-center has-nv-text-dark-bg-color has-text-color\">L&rsquo;expertise de Metanaute au service de votre projet<\/h1>\n\n\n\n<p class=\"has-text-align-center has-nv-text-dark-bg-color has-text-color\"><\/p>\n\n\n\n<div class=\"wp-block-buttons is-horizontal is-content-justification-center is-layout-flex wp-container-core-buttons-is-layout-499968f5 wp-block-buttons-is-layout-flex\">\n<div class=\"wp-block-button is-style-secondary\"><a class=\"wp-block-button__link has-nv-site-bg-color has-text-color has-link-color wp-element-button\" href=\"https:\/\/metanaute-conseil.com\/index.php\/metanaute-conseil\/contact\/\">Contactez-nous<\/a><\/div>\n<\/div>\n<\/div>\n<\/div>\n<\/div><\/div>\n","protected":false},"excerpt":{"rendered":"<p>Notre m\u00e9thode Tout le monde peut s&rsquo;approprier cette m\u00e9thode, sa simplicit\u00e9 est sa force. Sa r\u00e9ussite d\u00e9pend de la rigueur et du rythme avec lesquels on l&rsquo;applique. Cadrage et conception Tout d\u00e9marre avec un objectif bien d\u00e9fini, et se poursuit par un plan d&rsquo;actions structur\u00e9 et jalonn\u00e9. Gouvernance La gouvernance consiste \u00e0 identifier l&rsquo;\u00e9quipe \u00e9largie&hellip;&nbsp;<a href=\"https:\/\/metanaute-conseil.com\/index.php\/metanaute-conseil\/lexpertise-de-metanaute\/\" rel=\"bookmark\">Lire la suite &raquo;<span class=\"screen-reader-text\">L&rsquo;expertise de Metanaute<\/span><\/a><\/p>\n","protected":false},"author":1,"featured_media":565,"parent":309,"menu_order":1,"comment_status":"closed","ping_status":"closed","template":"","meta":{"neve_meta_sidebar":"full-width","neve_meta_container":"contained","neve_meta_enable_content_width":"on","neve_meta_content_width":100,"neve_meta_title_alignment":"","neve_meta_author_avatar":"","neve_post_elements_order":"","neve_meta_disable_header":"","neve_meta_disable_footer":"","neve_meta_disable_title":"on","_themeisle_gutenberg_block_has_review":false,"footnotes":""},"class_list":["post-460","page","type-page","status-publish","has-post-thumbnail","hentry"],"yoast_head":"<!-- This site is optimized with the Yoast SEO plugin v27.4 - https:\/\/yoast.com\/product\/yoast-seo-wordpress\/ -->\n<title>L&#039;expertise de Metanaute - Metanaute<\/title>\n<meta name=\"description\" content=\"L&#039;expertise de Metanaute : d\u00e9livrer votre projet. Metanaute est une entreprise de conseil en direction de projet et de transformation.\" \/>\n<meta name=\"robots\" content=\"index, follow, max-snippet:-1, max-image-preview:large, max-video-preview:-1\" \/>\n<link rel=\"canonical\" href=\"https:\/\/metanaute-conseil.com\/index.php\/metanaute-conseil\/lexpertise-de-metanaute\/\" \/>\n<meta property=\"og:locale\" content=\"fr_FR\" \/>\n<meta property=\"og:type\" content=\"article\" \/>\n<meta property=\"og:title\" content=\"L&#039;expertise de Metanaute - Metanaute\" \/>\n<meta property=\"og:description\" content=\"L&#039;expertise de Metanaute : d\u00e9livrer votre projet. Metanaute est une entreprise de conseil en direction de projet et de transformation.\" \/>\n<meta property=\"og:url\" content=\"https:\/\/metanaute-conseil.com\/index.php\/metanaute-conseil\/lexpertise-de-metanaute\/\" \/>\n<meta property=\"og:site_name\" content=\"Metanaute\" \/>\n<meta property=\"article:modified_time\" content=\"2024-02-16T12:32:18+00:00\" \/>\n<meta property=\"og:image\" content=\"http:\/\/metanaute-conseil.com\/wp-content\/uploads\/2024\/02\/Metanaute-Logo.jpg\" \/>\n\t<meta property=\"og:image:width\" content=\"500\" \/>\n\t<meta property=\"og:image:height\" content=\"500\" \/>\n\t<meta property=\"og:image:type\" content=\"image\/jpeg\" \/>\n<meta name=\"twitter:card\" content=\"summary_large_image\" \/>\n<meta name=\"twitter:label1\" content=\"Dur\u00e9e de lecture estim\u00e9e\" \/>\n\t<meta name=\"twitter:data1\" content=\"4 minutes\" \/>\n<script type=\"application\/ld+json\" class=\"yoast-schema-graph\">{\"@context\":\"https:\\\/\\\/schema.org\",\"@graph\":[{\"@type\":\"WebPage\",\"@id\":\"https:\\\/\\\/metanaute-conseil.com\\\/index.php\\\/metanaute-conseil\\\/lexpertise-de-metanaute\\\/\",\"url\":\"https:\\\/\\\/metanaute-conseil.com\\\/index.php\\\/metanaute-conseil\\\/lexpertise-de-metanaute\\\/\",\"name\":\"L'expertise de Metanaute - Metanaute\",\"isPartOf\":{\"@id\":\"https:\\\/\\\/metanaute-conseil.com\\\/#website\"},\"primaryImageOfPage\":{\"@id\":\"https:\\\/\\\/metanaute-conseil.com\\\/index.php\\\/metanaute-conseil\\\/lexpertise-de-metanaute\\\/#primaryimage\"},\"image\":{\"@id\":\"https:\\\/\\\/metanaute-conseil.com\\\/index.php\\\/metanaute-conseil\\\/lexpertise-de-metanaute\\\/#primaryimage\"},\"thumbnailUrl\":\"https:\\\/\\\/metanaute-conseil.com\\\/wp-content\\\/uploads\\\/2024\\\/02\\\/Metanaute-Logo.jpg\",\"datePublished\":\"2024-02-13T11:23:28+00:00\",\"dateModified\":\"2024-02-16T12:32:18+00:00\",\"description\":\"L'expertise de Metanaute : d\u00e9livrer votre projet. Metanaute est une entreprise de conseil en direction de projet et de transformation.\",\"breadcrumb\":{\"@id\":\"https:\\\/\\\/metanaute-conseil.com\\\/index.php\\\/metanaute-conseil\\\/lexpertise-de-metanaute\\\/#breadcrumb\"},\"inLanguage\":\"fr-FR\",\"potentialAction\":[{\"@type\":\"ReadAction\",\"target\":[\"https:\\\/\\\/metanaute-conseil.com\\\/index.php\\\/metanaute-conseil\\\/lexpertise-de-metanaute\\\/\"]}]},{\"@type\":\"ImageObject\",\"inLanguage\":\"fr-FR\",\"@id\":\"https:\\\/\\\/metanaute-conseil.com\\\/index.php\\\/metanaute-conseil\\\/lexpertise-de-metanaute\\\/#primaryimage\",\"url\":\"https:\\\/\\\/metanaute-conseil.com\\\/wp-content\\\/uploads\\\/2024\\\/02\\\/Metanaute-Logo.jpg\",\"contentUrl\":\"https:\\\/\\\/metanaute-conseil.com\\\/wp-content\\\/uploads\\\/2024\\\/02\\\/Metanaute-Logo.jpg\",\"width\":500,\"height\":500,\"caption\":\"Metanaute - Soci\u00e9t\u00e9 de conseil en direction de projet et transformation - Logo\"},{\"@type\":\"BreadcrumbList\",\"@id\":\"https:\\\/\\\/metanaute-conseil.com\\\/index.php\\\/metanaute-conseil\\\/lexpertise-de-metanaute\\\/#breadcrumb\",\"itemListElement\":[{\"@type\":\"ListItem\",\"position\":1,\"name\":\"Accueil\",\"item\":\"https:\\\/\\\/metanaute-conseil.com\\\/\"},{\"@type\":\"ListItem\",\"position\":2,\"name\":\"Metanaute &#8211; Projet et transformation\",\"item\":\"https:\\\/\\\/metanaute-conseil.com\\\/\"},{\"@type\":\"ListItem\",\"position\":3,\"name\":\"L&rsquo;expertise de Metanaute\"}]},{\"@type\":\"WebSite\",\"@id\":\"https:\\\/\\\/metanaute-conseil.com\\\/#website\",\"url\":\"https:\\\/\\\/metanaute-conseil.com\\\/\",\"name\":\"Metanaute\",\"description\":\"Metanaute d\u00e9livre votre projet.\",\"publisher\":{\"@id\":\"https:\\\/\\\/metanaute-conseil.com\\\/#organization\"},\"potentialAction\":[{\"@type\":\"SearchAction\",\"target\":{\"@type\":\"EntryPoint\",\"urlTemplate\":\"https:\\\/\\\/metanaute-conseil.com\\\/?s={search_term_string}\"},\"query-input\":{\"@type\":\"PropertyValueSpecification\",\"valueRequired\":true,\"valueName\":\"search_term_string\"}}],\"inLanguage\":\"fr-FR\"},{\"@type\":\"Organization\",\"@id\":\"https:\\\/\\\/metanaute-conseil.com\\\/#organization\",\"name\":\"Metanaute\",\"url\":\"https:\\\/\\\/metanaute-conseil.com\\\/\",\"logo\":{\"@type\":\"ImageObject\",\"inLanguage\":\"fr-FR\",\"@id\":\"https:\\\/\\\/metanaute-conseil.com\\\/#\\\/schema\\\/logo\\\/image\\\/\",\"url\":\"https:\\\/\\\/metanaute-conseil.com\\\/wp-content\\\/uploads\\\/2024\\\/02\\\/Metanaute-Logo.jpg\",\"contentUrl\":\"https:\\\/\\\/metanaute-conseil.com\\\/wp-content\\\/uploads\\\/2024\\\/02\\\/Metanaute-Logo.jpg\",\"width\":500,\"height\":500,\"caption\":\"Metanaute\"},\"image\":{\"@id\":\"https:\\\/\\\/metanaute-conseil.com\\\/#\\\/schema\\\/logo\\\/image\\\/\"}}]}<\/script>\n<!-- \/ Yoast SEO plugin. -->","yoast_head_json":{"title":"L'expertise de Metanaute - Metanaute","description":"L'expertise de Metanaute : d\u00e9livrer votre projet. Metanaute est une entreprise de conseil en direction de projet et de transformation.","robots":{"index":"index","follow":"follow","max-snippet":"max-snippet:-1","max-image-preview":"max-image-preview:large","max-video-preview":"max-video-preview:-1"},"canonical":"https:\/\/metanaute-conseil.com\/index.php\/metanaute-conseil\/lexpertise-de-metanaute\/","og_locale":"fr_FR","og_type":"article","og_title":"L'expertise de Metanaute - Metanaute","og_description":"L'expertise de Metanaute : d\u00e9livrer votre projet. Metanaute est une entreprise de conseil en direction de projet et de transformation.","og_url":"https:\/\/metanaute-conseil.com\/index.php\/metanaute-conseil\/lexpertise-de-metanaute\/","og_site_name":"Metanaute","article_modified_time":"2024-02-16T12:32:18+00:00","og_image":[{"width":500,"height":500,"url":"http:\/\/metanaute-conseil.com\/wp-content\/uploads\/2024\/02\/Metanaute-Logo.jpg","type":"image\/jpeg"}],"twitter_card":"summary_large_image","twitter_misc":{"Dur\u00e9e de lecture estim\u00e9e":"4 minutes"},"schema":{"@context":"https:\/\/schema.org","@graph":[{"@type":"WebPage","@id":"https:\/\/metanaute-conseil.com\/index.php\/metanaute-conseil\/lexpertise-de-metanaute\/","url":"https:\/\/metanaute-conseil.com\/index.php\/metanaute-conseil\/lexpertise-de-metanaute\/","name":"L'expertise de Metanaute - Metanaute","isPartOf":{"@id":"https:\/\/metanaute-conseil.com\/#website"},"primaryImageOfPage":{"@id":"https:\/\/metanaute-conseil.com\/index.php\/metanaute-conseil\/lexpertise-de-metanaute\/#primaryimage"},"image":{"@id":"https:\/\/metanaute-conseil.com\/index.php\/metanaute-conseil\/lexpertise-de-metanaute\/#primaryimage"},"thumbnailUrl":"https:\/\/metanaute-conseil.com\/wp-content\/uploads\/2024\/02\/Metanaute-Logo.jpg","datePublished":"2024-02-13T11:23:28+00:00","dateModified":"2024-02-16T12:32:18+00:00","description":"L'expertise de Metanaute : d\u00e9livrer votre projet. Metanaute est une entreprise de conseil en direction de projet et de transformation.","breadcrumb":{"@id":"https:\/\/metanaute-conseil.com\/index.php\/metanaute-conseil\/lexpertise-de-metanaute\/#breadcrumb"},"inLanguage":"fr-FR","potentialAction":[{"@type":"ReadAction","target":["https:\/\/metanaute-conseil.com\/index.php\/metanaute-conseil\/lexpertise-de-metanaute\/"]}]},{"@type":"ImageObject","inLanguage":"fr-FR","@id":"https:\/\/metanaute-conseil.com\/index.php\/metanaute-conseil\/lexpertise-de-metanaute\/#primaryimage","url":"https:\/\/metanaute-conseil.com\/wp-content\/uploads\/2024\/02\/Metanaute-Logo.jpg","contentUrl":"https:\/\/metanaute-conseil.com\/wp-content\/uploads\/2024\/02\/Metanaute-Logo.jpg","width":500,"height":500,"caption":"Metanaute - Soci\u00e9t\u00e9 de conseil en direction de projet et transformation - Logo"},{"@type":"BreadcrumbList","@id":"https:\/\/metanaute-conseil.com\/index.php\/metanaute-conseil\/lexpertise-de-metanaute\/#breadcrumb","itemListElement":[{"@type":"ListItem","position":1,"name":"Accueil","item":"https:\/\/metanaute-conseil.com\/"},{"@type":"ListItem","position":2,"name":"Metanaute &#8211; Projet et transformation","item":"https:\/\/metanaute-conseil.com\/"},{"@type":"ListItem","position":3,"name":"L&rsquo;expertise de Metanaute"}]},{"@type":"WebSite","@id":"https:\/\/metanaute-conseil.com\/#website","url":"https:\/\/metanaute-conseil.com\/","name":"Metanaute","description":"Metanaute d\u00e9livre votre projet.","publisher":{"@id":"https:\/\/metanaute-conseil.com\/#organization"},"potentialAction":[{"@type":"SearchAction","target":{"@type":"EntryPoint","urlTemplate":"https:\/\/metanaute-conseil.com\/?s={search_term_string}"},"query-input":{"@type":"PropertyValueSpecification","valueRequired":true,"valueName":"search_term_string"}}],"inLanguage":"fr-FR"},{"@type":"Organization","@id":"https:\/\/metanaute-conseil.com\/#organization","name":"Metanaute","url":"https:\/\/metanaute-conseil.com\/","logo":{"@type":"ImageObject","inLanguage":"fr-FR","@id":"https:\/\/metanaute-conseil.com\/#\/schema\/logo\/image\/","url":"https:\/\/metanaute-conseil.com\/wp-content\/uploads\/2024\/02\/Metanaute-Logo.jpg","contentUrl":"https:\/\/metanaute-conseil.com\/wp-content\/uploads\/2024\/02\/Metanaute-Logo.jpg","width":500,"height":500,"caption":"Metanaute"},"image":{"@id":"https:\/\/metanaute-conseil.com\/#\/schema\/logo\/image\/"}}]}},"_links":{"self":[{"href":"https:\/\/metanaute-conseil.com\/index.php\/wp-json\/wp\/v2\/pages\/460","targetHints":{"allow":["GET"]}}],"collection":[{"href":"https:\/\/metanaute-conseil.com\/index.php\/wp-json\/wp\/v2\/pages"}],"about":[{"href":"https:\/\/metanaute-conseil.com\/index.php\/wp-json\/wp\/v2\/types\/page"}],"author":[{"embeddable":true,"href":"https:\/\/metanaute-conseil.com\/index.php\/wp-json\/wp\/v2\/users\/1"}],"replies":[{"embeddable":true,"href":"https:\/\/metanaute-conseil.com\/index.php\/wp-json\/wp\/v2\/comments?post=460"}],"version-history":[{"count":24,"href":"https:\/\/metanaute-conseil.com\/index.php\/wp-json\/wp\/v2\/pages\/460\/revisions"}],"predecessor-version":[{"id":583,"href":"https:\/\/metanaute-conseil.com\/index.php\/wp-json\/wp\/v2\/pages\/460\/revisions\/583"}],"up":[{"embeddable":true,"href":"https:\/\/metanaute-conseil.com\/index.php\/wp-json\/wp\/v2\/pages\/309"}],"wp:featuredmedia":[{"embeddable":true,"href":"https:\/\/metanaute-conseil.com\/index.php\/wp-json\/wp\/v2\/media\/565"}],"wp:attachment":[{"href":"https:\/\/metanaute-conseil.com\/index.php\/wp-json\/wp\/v2\/media?parent=460"}],"curies":[{"name":"wp","href":"https:\/\/api.w.org\/{rel}","templated":true}]}}